{"id":1752,"date":"2019-07-31T13:18:20","date_gmt":"2019-07-31T11:18:20","guid":{"rendered":"https:\/\/mengemdaqui.com\/index.php\/avis-legal-copy\/"},"modified":"2022-10-11T17:18:52","modified_gmt":"2022-10-11T15:18:52","slug":"politica-de-cookies","status":"publish","type":"page","link":"https:\/\/mengemdaqui.com\/index.php\/politica-de-cookies\/","title":{"rendered":"Pol\u00edtica de Cookies"},"content":{"rendered":"<p>[et_pb_section fb_built=\u00bb1&#8243; _builder_version=\u00bb3.22&#8243; background_color=\u00bbrgba(255,255,255,0)\u00bb][et_pb_row _builder_version=\u00bb4.0.4&#8243; background_size=\u00bbinitial\u00bb background_position=\u00bbtop_left\u00bb background_repeat=\u00bbrepeat\u00bb custom_margin=\u00bb||||false|false\u00bb][et_pb_column type=\u00bb4_4&#8243; _builder_version=\u00bb3.25&#8243; custom_padding=\u00bb|||\u00bb custom_padding__hover=\u00bb|||\u00bb][et_pb_text _builder_version=\u00bb4.0.4&#8243; header_text_color=\u00bb#9ec54c\u00bb custom_margin=\u00bb|||94px||\u00bb border_style=\u00bbsolid\u00bb]<\/p>\n<h1><strong>Pol\u00edtica de Cookies<\/strong><\/h1>\n<p>&nbsp;<\/p>\n<p>Aquest lloc web utilitza cookies pr\u00f2pies i de tercers per a oferir-li una millor experi\u00e8ncia i servei. En navegar o utilitzar els nostres serveis l&#8217;usuari accepta l&#8217;\u00fas que fem de les cookies. No obstant aix\u00f2, l&#8217;usuari t\u00e9 l&#8217;opci\u00f3 d&#8217;impedir la generaci\u00f3 de cookies i l&#8217;eliminaci\u00f3 de les mateixes mitjan\u00e7ant la selecci\u00f3 de la corresponent.<\/p>\n<p><strong>\u00a0<\/strong><\/p>\n<p><strong>Qu\u00e8 \u00e9s una\u00a0cookie?<\/strong><\/p>\n<p>Una\u00a0cookie\u00a0\u00e9s un petit fragment de text que els llocs web envien al navegador i que s&#8217;emmagatzemen en el terminal de l&#8217;usuari, el qual pot ser un ordinador personal, un tel\u00e8fon m\u00f2bil, tauleta, etc. Aquests arxius permeten que el lloc web recordi informaci\u00f3 sobre la seva visita, com l&#8217;idioma i les opcions preferides, la qual cosa pot facilitar la seva pr\u00f2xima visita i fer que el lloc resulti m\u00e9s \u00fatil en personalitzar el seu contingut. Les cookies exerceixen un paper molt important, en millorar l&#8217;experi\u00e8ncia d&#8217;\u00fas de la Web.<\/p>\n<p>&nbsp;<\/p>\n<p><strong>Tipus de cookies <\/strong><\/p>\n<p>Segons l&#8217;entitat que les gestioni, les cookies poden ser:<\/p>\n<ul>\n<li><strong>Cookies pr\u00f2pies:<\/strong> S\u00f3n aquelles que s&#8217;envien a l&#8217;equip terminal de l&#8217;interessat des d&#8217;un equip o domini gestionat pel propi editor i des del qual es presta el servei sol\u00b7licitat per l&#8217;usuari.<\/li>\n<li><strong>Cookies de tercers: <\/strong>S\u00f3n aquelles que s&#8217;envien a l&#8217;equip terminal de l&#8217;usuari des d&#8217;un equip o domini que no \u00e9s gestionat per l&#8217;editor, sin\u00f3 per una altra entitat que tracta les dades obtingudes trav\u00e9s de les cookies.<\/li>\n<\/ul>\n<p><span style=\"font-size: 15px;\">Segons el termini de temps que romanen activades:<\/span><\/p>\n<ul>\n<li><strong>Cookies de sessi\u00f3<\/strong>: S\u00f3n un tipus de cookies dissenyades per a recaptar i emmagatzemar dades mentre l&#8217;usuari accedeix a una p\u00e0gina web. Se solen emprar per a emmagatzemar informaci\u00f3 que nom\u00e9s interessa conservar per a la prestaci\u00f3 del servei sol\u00b7licitat per l&#8217;usuari en una sola ocasi\u00f3.<\/li>\n<li><strong>Cookies persistents:<\/strong> S\u00f3n un tipus de cookies en el qual les dades segueixen emmagatzemats en el terminal i poden ser accedits i tractats durant un per\u00edode definit pel responsable de la\u00a0cookie, i que pot anar d&#8217;uns minuts a diversos anys.<\/li>\n<\/ul>\n<p><span style=\"font-size: 15px;\">Segons la finalitat per a la qual es tractin les dades obtingudes a trav\u00e9s de les cookies, la web pot utilitzar:<\/span><\/p>\n<p><strong style=\"font-size: 15px;\"><em>Cookies t\u00e8cniques<\/em><\/strong><span style=\"font-size: 15px;\"> &#8211; S\u00f3n aquelles que permeten a l&#8217;usuari la navegaci\u00f3 a trav\u00e9s de la p\u00e0gina web o aplicaci\u00f3 i la utilitzaci\u00f3 de les diferents opcions o serveis que en ella existeixen. Per exemple, controlar el tr\u00e0nsit i la comunicaci\u00f3 de dades, identificar la sessi\u00f3, accedir a les parts web d&#8217;acc\u00e9s restringit, recordar els elements que integren una comanda, realitzar la sol\u00b7licitud d&#8217;inscripci\u00f3 o participaci\u00f3 en un esdeveniment, utilitzar elements de seguretat durant la navegaci\u00f3 i emmagatzemar continguts per a la difusi\u00f3 de v\u00eddeos o so.<\/span><\/p>\n<p><strong style=\"font-size: 15px;\"><em>Cookies de personalitzaci\u00f3 <\/em><\/strong><span style=\"font-size: 15px;\">&#8211; S\u00f3n aquelles que permeten a l&#8217;usuari accedir al servei amb algunes caracter\u00edstiques de car\u00e0cter general predefinides en la seva terminal o que el propi usuari defineixi. Per exemple, l&#8217;idioma, el tipus de navegador a trav\u00e9s del qual accedeix al servei, el disseny de continguts seleccionat, geolocalitzaci\u00f3 del terminal i la configuraci\u00f3 regional des d&#8217;on s&#8217;accedeix al servei.<\/span><\/p>\n<p><strong style=\"font-size: 15px;\"><em>Cookies publicit\u00e0ries <\/em><\/strong><span style=\"font-size: 15px;\">&#8211; S\u00f3n aquelles que permeten la gesti\u00f3 efica\u00e7 dels espais publicitaris que s&#8217;han incl\u00f2s en la p\u00e0gina web o aplicaci\u00f3 des de la qual es presta el servei. Permeten adequar el contingut de la publicitat perqu\u00e8 aquesta sigui rellevant per a l&#8217;usuari i per a evitar mostrar anuncis que l&#8217;usuari ja hagi vist.<\/span><\/p>\n<p><strong style=\"font-size: 15px;\"><em>Cookies d&#8217;an\u00e0lisi estad\u00edstica<\/em><\/strong><span style=\"font-size: 15px;\"> &#8211; S\u00f3n aquelles que permeten realitzar el seguiment i an\u00e0lisi del comportament dels usuaris en els llocs web. La informaci\u00f3 recollida mitjan\u00e7ant aquesta mena de cookies s&#8217;utilitza en el mesurament de l&#8217;activitat dels llocs web, aplicaci\u00f3 o plataforma i per a l&#8217;elaboraci\u00f3 de perfils de navegaci\u00f3 dels usuaris d&#8217;aquests llocs, amb la finalitat d&#8217;introduir millores en el servei en funci\u00f3 de les dades d&#8217;\u00fas que fan els usuaris.<\/span><\/p>\n<p><span style=\"font-size: 15px;\">Les cookies utilitzades en aquest lloc web les pot veure a la pestanya inferior \u00abGestionar el consentiment\u00bb\u00a0<\/span><span style=\"font-size: 15px;\">i ajustar la seva configuraci\u00f3 en qualsevol moment.<\/span><\/p>\n<p><span style=\"font-size: 15px;\">\u00a0<\/span><\/p>\n<p><strong>La identificaci\u00f3 de qui utilitza les cookies, el tipus de cookies utilitzades i altres detalls<\/strong>, s&#8217;indica a continuaci\u00f3:<\/p>\n<p>La identificaci\u00f3 de qui utilitza les cookies, el tipus de cookies utilitzades i altres detalls, s\u2019indica a continuaci\u00f3:<\/p>\n<table style=\"background-color: #eff0f2; border-color: #f5fefb;\" border=\"10\" cellpadding=\"2\" cellspacing=\"2\">\n<tbody>\n<tr>\n<td colspan=\"3\" width=\"566\"><\/td>\n<\/tr>\n<tr>\n<td width=\"230\"><\/td>\n<td width=\"232\"><\/td>\n<td width=\"104\"><\/td>\n<\/tr>\n<tr>\n<td width=\"230\"><\/td>\n<td width=\"232\"><\/td>\n<td width=\"104\"><\/td>\n<\/tr>\n<\/tbody>\n<\/table>\n<table style=\"border-color: #f5fefb; background-color: #eff0f2;\" border=\"10\" cellpadding=\"2\" cellspacing=\"2\">\n<tbody>\n<tr>\n<td colspan=\"4\" width=\"566\"><strong>Cookies de terceres<\/strong><\/td>\n<\/tr>\n<tr>\n<td width=\"104\"><strong>Cookies<\/strong><\/td>\n<td width=\"167\"><strong>Entitat que utilitza las cookies<\/strong><\/td>\n<td width=\"194\"><strong>Prop\u00f2sit<\/strong><\/td>\n<td width=\"101\"><strong>Mes informaci\u00f3<\/strong><\/td>\n<\/tr>\n<tr>\n<td width=\"104\">\n<p>\u00a0_gat<\/p>\n<p>_gid<\/p>\n<p>_gat_gtag_UA*<\/p>\n<\/td>\n<td width=\"167\">Google Analytics<\/td>\n<td width=\"194\">Aquestes cookies s\u00f3n establertes per Google\u00a0Analytic\u00a0per a rastrejar l\u2019\u00fas de la web. Aquestes cookies no s\u2019estableixen si desconnectes cookies per a aquesta web.<\/td>\n<td width=\"101\">\n<p><a href=\"https:\/\/developers.google.com\/analytics\/devguides\/collection\/analyticsjs\/cookie-usage\" target=\"_blank\" rel=\"noopener noreferrer\">Google Analytics<\/a><\/p>\n<p><a href=\"http:\/\/www.google.com\/intl\/es\/privacy.html\" target=\"_blank\" rel=\"noopener noreferrer\">Centre de privacitat de Google<\/a><\/p>\n<\/td>\n<\/tr>\n<tr>\n<td width=\"104\">* Google Fonts API<\/td>\n<td width=\"167\">Google Fonts<\/td>\n<td width=\"194\"><span>En algunes parts aquest lloc utilitza fonts del servei Google\u00a0<\/span><span>Fonts per la correcta visualitzaci\u00f3 del web<\/span><span>.<\/span><\/td>\n<td width=\"101\"><a href=\"https:\/\/policies.google.com\/privacy?hl=it&amp;gl=it\" target=\"_blank\" rel=\"noopener noreferrer\">Google Fonts<\/a><\/td>\n<\/tr>\n<tr>\n<td width=\"104\"><\/td>\n<td width=\"167\"><\/td>\n<td width=\"194\"><\/td>\n<td width=\"101\"><\/td>\n<\/tr>\n<\/tbody>\n<\/table>\n<p>&nbsp;<\/p>\n<p>Nota: Les cookies de tipus \u201cPr\u00f2pies\u201d s\u00f3n utilitzades nom\u00e9s pel propietari d&#8217;aquesta web i les cookies \u201cDe tercers\u201d s\u00f3n utilitzades, tamb\u00e9, pel prestador del servei.<\/p>\n<p><strong>Com administrar cookies en el navegador?<\/strong><\/p>\n<p>L&#8217;usuari t\u00e9 l&#8217;opci\u00f3 de permetre, bloquejar o eliminar les cookies instal\u00b7lades en el seu equip mitjan\u00e7ant la configuraci\u00f3 de les opcions del navegador instal\u00b7lat en la seva terminal:<\/p>\n<ul>\n<li><strong>Firefox<\/strong>: <a href=\"http:\/\/support.mozilla.org\/es\/kb\/habilitar-y-deshabilitar-cookies-que-los-sitios-we\">http:\/\/support.mozilla.org\/es\/kb\/habilitar-y-deshabilitar-cookies-que-los-sitios-we<\/a><\/li>\n<li><strong>Chrome:\u00a0<\/strong><a href=\"http:\/\/support.google.com\/chrome\/bin\/answer.py?hl=es&amp;answer=95647\">http:\/\/support.google.com\/chrome\/bin\/answer.py?hl=es&amp;answer=95647<\/a><\/li>\n<li><strong>Internet Explorer<\/strong>: <a href=\"https:\/\/support.microsoft.com\/es-es\/help\/278835\/how-to-delete-cookie-files-in-internet-explorer\">https:\/\/support.microsoft.com\/es-es\/help\/278835\/how-to-delete-cookie-files-in-internet-explorer<\/a><\/li>\n<li><strong>Microsoft Edge:\u00a0<\/strong><a href=\"https:\/\/support.microsoft.com\/es-es\/help\/4468242\/microsoft-edge-browsing-data-and-privacy-microsoft-privacy\">https:\/\/support.microsoft.com\/es-es\/help\/4468242\/microsoft-edge-browsing-data-and-privacy-microsoft-privacy<\/a><\/li>\n<li><strong>Safari<\/strong>: <a href=\"http:\/\/support.apple.com\/kb\/ph5042\">http:\/\/support.apple.com\/kb\/ph5042<\/a><\/li>\n<li><strong>Opera<\/strong>: <a href=\"http:\/\/help.opera.com\/Windows\/11.50\/es-ES\/cookies.html\">http:\/\/help.opera.com\/Windows\/11.50\/es-ES\/cookies.html<\/a><\/li>\n<\/ul>\n<p>En cas de bloquejar l&#8217;\u00fas de cookies en el seu navegador \u00e9s possible que alguns serveis o funcionalitats de la p\u00e0gina web no estiguin disponibles.<\/p>\n<p>En alguns navegadors es poden configurar regles espec\u00edfiques per a administrar cookies per lloc web, la qual cosa ofereix un control m\u00e9s prec\u00eds sobre la privacitat. Aix\u00f2 significa que es pot inhabilitar cookies de tots els llocs excepte d&#8217;aquells en els quals es confi\u00ef.<\/p>\n<p>&nbsp;<\/p>\n<p>[\/et_pb_text][\/et_pb_column][\/et_pb_row][\/et_pb_section]<\/p>\n","protected":false},"excerpt":{"rendered":"<p>Pol\u00edtica de Cookies &nbsp; Aquest lloc web utilitza cookies pr\u00f2pies i de tercers per a oferir-li una millor experi\u00e8ncia i servei. En navegar o utilitzar els nostres serveis l&#8217;usuari accepta l&#8217;\u00fas que fem de les cookies. No obstant aix\u00f2, l&#8217;usuari t\u00e9 l&#8217;opci\u00f3 d&#8217;impedir la generaci\u00f3 de cookies i l&#8217;eliminaci\u00f3 de les mateixes mitjan\u00e7ant la selecci\u00f3 [&hellip;]<\/p>\n","protected":false},"author":1,"featured_media":0,"parent":0,"menu_order":0,"comment_status":"closed","ping_status":"closed","template":"","meta":{"_et_pb_use_builder":"on","_et_pb_old_content":"<p>https:\/\/mengemdaqui.com\/ i http:\/\/mengemdaqui.cat\/ \u00e9s un domini d\u2019Internet de titularitat del Consorci Alt Urgell \u2013 Cerdanya (NIF P2500092H), siti al Passeig Joan Brudieu n\u00famero 15 de la Seu d\u2019Urgell (25700); tel\u00e8fon: 973 353 112; fax: 973 352 788; c\/e: cauc@cauc.cat<\/p><p>L\u2019acc\u00e9s a la Web implica l\u2019acceptaci\u00f3 de l\u2019usuari de les normes d\u2019\u00fas que s\u2019estableixen per al mateix, aix\u00ed com, l\u2019acceptaci\u00f3 del contingut de la cl\u00e0usula d\u2019exempci\u00f3 de responsabilitat i dels Drets de Propietat Intel\u2022lectual i industrial aplicable.<br \/> I. Drets de Propietat Intel\u2022lectual i industrial<br \/> Es prohibeix la reproducci\u00f3 total o parcial dels continguts d\u2019aquesta Web sense citar el seu origen o sol\u2022licitar autoritzaci\u00f3 expressa al Consorci Alt Urgell \u2013 Cerdanya.<br \/> L\u2019usuari de la Web es compromet a no reproduir, copiar, distribuir, transformar o modificar els continguts del lloc web, incloses marques, noms comercials o signes distintius, ja siguin de titularitat del Consorci Alt Urgell \u2013 Cerdanya o de tercers (exceptuant els casos de tinen\u00e7a d\u2019autoritzaci\u00f3 per part del titular dels drets), ni a suprimir, manipular o de qualsevol forma alterar el \u201ccopyright\u201d.<br \/> II. Exempci\u00f3 de responsabilitat<br \/> La informaci\u00f3 continguda en aquesta Web procedeix de fonts p\u00fabliques amb un objectiu purament informatiu, quedant el Consorci Alt Urgell \u2013 Cerdanya exempt de qualsevol responsabilitat derivada de la inexactitud dels continguts. L\u2019acc\u00e9s a la Web \u00e9s gratu\u00eft i no genera relaci\u00f3 comercial, contractual o professional entre els seus usuaris i l\u2019ens.<br \/> El Consorci Alt Urgell \u2013 Cerdanya no es fa responsable dels danys i perjudicis que pugui ocasionar la utilitzaci\u00f3 de les eines i de les informacions contingudes en la web en relaci\u00f3 amb l\u2019adopci\u00f3 de decisions sobre l\u2019inici, el desenvolupament o el resultat de procediments administratius. Aquests aspectes o les decisions hauran de ser contrastades en els centres, organismes o depend\u00e8ncies competents.<br \/> En qualsevol cas, la informaci\u00f3 i continguts d\u2019aquesta Web no podran ser al\u2022legats en processos contradictoris amb l\u2019Administraci\u00f3 p\u00fablica, no assumint cap responsabilitat per les discrep\u00e0ncies que poguessin existir entre els documents impresos de l\u2019Administraci\u00f3 competent i la publicaci\u00f3 electr\u00f2nica en aquestes p\u00e0gines. Aix\u00ed mateix, el Consorci Alt Urgell \u2013 Cerdanya tampoc es responsabilitza de les contestacions que es realitzin a trav\u00e9s de les diferents direccions de correu electr\u00f2nic que apareixen en aquestes p\u00e0gines, llevat de les respostes oficials.<br \/> El Consorci Alt Urgell \u2013 Cerdanya no respondr\u00e0 en cap cas de l\u2019incompliment de qualsevol norma aplicable en que pugui inc\u00f3rrer l\u2019usuari, ja sigui en l\u2019acc\u00e9s a la Web o en l\u2019\u00fas de les informacions contingudes en aquesta, incl\u00f2s l\u2019acc\u00e9s a enlla\u00e7os i hipervincles continguts en la mateixa.<br \/> El portal cont\u00e9 enlla\u00e7os a p\u00e0gines externes amb funci\u00f3 informativa que possibiliten l\u2019acc\u00e9s de l\u2019usuari a prestacions, informaci\u00f3 i\/o serveis oferts per tercers que no es troben sota el control de l\u2019ens. El Consorci Alt Urgell \u2013 Cerdanya declina qualsevol responsabilitat envers a la informaci\u00f3 que es trobi fora d\u2019aquesta Web.<br \/> El Consorci Alt Urgell \u2013 Cerdanya es reserva el dret, sense preav\u00eds, a modificar, afegir o eliminar la informaci\u00f3 continguda en aquesta Web; aix\u00ed com, a modificar la seva configuraci\u00f3 o presentaci\u00f3.<br \/> III. Privacitat: pol\u00edtica de protecci\u00f3 de dades de car\u00e0cter personal del web cauc.cat<br \/> El Consorci Alt Urgell \u2013 Cerdanya garanteix la confidencialitat de les dades personals que es faciliten a trav\u00e9s de les p\u00e0gines d\u2019aquest web en el termes establerts per la Llei org\u00e0nica 15\/1999, de 13 de desembre, de protecci\u00f3 de dades de car\u00e0cter personal (LOPD), implementant les mesures de seguretat necess\u00e0ries i adequades al tipus de dades personals, d\u2019acord amb el Reial decret 1720\/2007, de 21 de desembre, pel qual s\u2019aprova el Reglament de desenvolupament de la LOPD. Les dades que es requereixin seran les estrictament necess\u00e0ries, adequades i pertinents per a la finalitat per a la qual es recullin i seran sotmeses a un tractament automatitzat.<br \/> A cada p\u00e0gina que contingui formularis que recullin dades de car\u00e0cter personal, s\u2019informar\u00e0, de manera expressa, de l\u2019exist\u00e8ncia d\u2019un fitxer o tractament de dades de car\u00e0cter personal, de la finalitat de la seva recollida i de les persones destinat\u00e0ries de la informaci\u00f3, de les possibles cessions de dades, de la identitat i adre\u00e7a del responsable del fitxer, aix\u00ed com, de la possibilitat d\u2019exercir els drets d\u2019acc\u00e9s, rectificaci\u00f3, cancel\u2022laci\u00f3 i oposici\u00f3 sobre aquestes dades i la manera d\u2019exercir-los. En cas que en algun formulari que reculli dades de car\u00e0cter personal no s\u2019explicitin aquests drets o la manera d\u2019exercir-los, podeu comunicar-ho a la secretaria del Consorci Alt Urgell \u2013 Cerdanya, situada al Passeig Joan Brudieu n\u00famero 15 de la Seu d\u2019Urgell (25700) o a l\u2019adre\u00e7a: cauc@cauc.cat<br \/> Aix\u00ed mateix, tamb\u00e9 us podeu adre\u00e7ar a trav\u00e9s dels mitjans exposats per a exercir els drets d\u2019acc\u00e9s, rectificaci\u00f3, cancel\u2022laci\u00f3 i oposici\u00f3 sobre alguna de les vostres dades personals (incloses imatges o gravacions de veu), que poguessin apar\u00e8ixer en alguna p\u00e0gina informativa del Consorci Alt Urgell \u2013 Cerdanya.<\/p>","_et_gb_content_width":"","footnotes":""},"_links":{"self":[{"href":"https:\/\/mengemdaqui.com\/index.php\/wp-json\/wp\/v2\/pages\/1752"}],"collection":[{"href":"https:\/\/mengemdaqui.com\/index.php\/wp-json\/wp\/v2\/pages"}],"about":[{"href":"https:\/\/mengemdaqui.com\/index.php\/wp-json\/wp\/v2\/types\/page"}],"author":[{"embeddable":true,"href":"https:\/\/mengemdaqui.com\/index.php\/wp-json\/wp\/v2\/users\/1"}],"replies":[{"embeddable":true,"href":"https:\/\/mengemdaqui.com\/index.php\/wp-json\/wp\/v2\/comments?post=1752"}],"version-history":[{"count":15,"href":"https:\/\/mengemdaqui.com\/index.php\/wp-json\/wp\/v2\/pages\/1752\/revisions"}],"predecessor-version":[{"id":3034,"href":"https:\/\/mengemdaqui.com\/index.php\/wp-json\/wp\/v2\/pages\/1752\/revisions\/3034"}],"wp:attachment":[{"href":"https:\/\/mengemdaqui.com\/index.php\/wp-json\/wp\/v2\/media?parent=1752"}],"curies":[{"name":"wp","href":"https:\/\/api.w.org\/{rel}","templated":true}]}}