{"id":1766,"date":"2019-07-31T14:00:29","date_gmt":"2019-07-31T12:00:29","guid":{"rendered":"https:\/\/mengemdaqui.com\/index.php\/contacte-copy\/"},"modified":"2024-10-31T10:41:29","modified_gmt":"2024-10-31T09:41:29","slug":"ajudans-a-millorar","status":"publish","type":"page","link":"https:\/\/mengemdaqui.com\/index.php\/ajudans-a-millorar\/","title":{"rendered":"Ajuda&#8217;ns a millorar"},"content":{"rendered":"<p>[et_pb_section fb_built=\u00bb1&#8243; admin_label=\u00bbHeader\u00bb _builder_version=\u00bb4.27.2&#8243; _module_preset=\u00bbdefault\u00bb background_color=\u00bb#e5b132&#8243; width=\u00bb95%\u00bb module_alignment=\u00bbcenter\u00bb custom_margin=\u00bb20px|10px|20px|10px|true|true\u00bb custom_padding=\u00bb5vw||0vw||false|false\u00bb bottom_divider_style=\u00bbslant\u00bb bottom_divider_color=\u00bb#FFFFFF\u00bb bottom_divider_height=\u00bb10vw\u00bb bottom_divider_repeat=\u00bb1x\u00bb border_radii=\u00bbon|40px|40px|40px|40px\u00bb border_color_all=\u00bb#FFFFFF\u00bb locked=\u00bboff\u00bb global_colors_info=\u00bb{}\u00bb][et_pb_row column_structure=\u00bb1_2,1_2&#8243; _builder_version=\u00bb4.27.2&#8243; _module_preset=\u00bbdefault\u00bb max_width=\u00bb1200px\u00bb custom_margin=\u00bb||||false|false\u00bb custom_margin_tablet=\u00bb||20px||false|false\u00bb custom_margin_phone=\u00bb||20px||false|false\u00bb custom_margin_last_edited=\u00bbon|tablet\u00bb custom_padding=\u00bb||||false|false\u00bb global_colors_info=\u00bb{}\u00bb][et_pb_column type=\u00bb1_2&#8243; _builder_version=\u00bb4.16&#8243; _module_preset=\u00bbdefault\u00bb global_colors_info=\u00bb{}\u00bb][et_pb_text _builder_version=\u00bb4.27.2&#8243; _module_preset=\u00bb0874a7ef-fda6-4460-964c-06187d4d2262&#8243; header_font=\u00bbPoppins|700|on||||||\u00bb header_text_color=\u00bb#282d26&#8243; header_font_size=\u00bb14px\u00bb header_line_height=\u00bb1.3em\u00bb header_4_font=\u00bbPoppins|600||on|||||\u00bb header_4_text_color=\u00bb#000000&#8243; header_4_font_size=\u00bb12px\u00bb header_4_letter_spacing=\u00bb1px\u00bb header_4_line_height=\u00bb1.5em\u00bb custom_margin=\u00bb||0px||false|false\u00bb locked=\u00bboff\u00bb global_colors_info=\u00bb{}\u00bb][\/et_pb_text][et_pb_text _builder_version=\u00bb4.27.2&#8243; _module_preset=\u00bb64726270-e0e9-4f3d-bffe-4708fbfd76fb\u00bb text_font=\u00bbGloria Hallelujah||||||||\u00bb header_font=\u00bbPoppins|700|||||||\u00bb header_text_color=\u00bb#FFFFFF\u00bb header_font_size=\u00bb84px\u00bb header_line_height=\u00bb1.2em\u00bb custom_margin=\u00bb||10px||false|false\u00bb header_font_size_tablet=\u00bb40px\u00bb header_font_size_phone=\u00bb24px\u00bb header_font_size_last_edited=\u00bbon|tablet\u00bb locked=\u00bboff\u00bb global_colors_info=\u00bb{}\u00bb]<\/p>\n<h1 class=\"et_pb_module_header\">Ajuda&#8217;ns a millorar<\/h1>\n<p>[\/et_pb_text][et_pb_text _builder_version=\u00bb4.27.2&#8243; _module_preset=\u00bb102bef9d-a6b9-41f0-af77-1ed5b7bd0593&#8243; text_font=\u00bbPoppins||||||||\u00bb text_text_color=\u00bb#282d26&#8243; text_line_height=\u00bb1.8em\u00bb max_width=\u00bb600px\u00bb module_alignment=\u00bbcenter\u00bb text_font_size_tablet=\u00bb15px\u00bb text_font_size_phone=\u00bb14px\u00bb text_font_size_last_edited=\u00bbon|desktop\u00bb locked=\u00bboff\u00bb global_colors_info=\u00bb{}\u00bb]<\/p>\n<p><b>INFORMACI\u00d3 B\u00c0SICA SOBRE PROTECCI\u00d3 DE DADES:<\/b><b>Finalitat del tractament:<\/b> Mantenir una relaci\u00f3 amb l&#8217;Usuari i enviar el butllet\u00ed de not\u00edcies.<br \/><b>Legitimaci\u00f3 del tractament:<\/b> Consentiment de l&#8217;interessat\/da.<br \/><b>Conservaci\u00f3 de les dades:<\/b> Es conservaran durant el temps que hi hagi un inter\u00e8s mutu o durant el temps que sigui necessari per al compliment d&#8217;obligacions legals.<br \/><b>Destinataris:<\/b> CONSORCI GAL ALT URGELL-CERDANYA i prestadors de serveis o col\u00b7laboradors.<br \/><b>Drets:<\/b> Dret a retirar el consentiment en qualsevol moment. Dret d&#8217;acc\u00e9s, rectificaci\u00f3, portabilitat i supressi\u00f3 de les seves dades i de la limitaci\u00f3 o oposici\u00f3 al seu tractament. Dades de contacte per exercir els teus drets: dpd@cauc.cat<br \/><b>Informaci\u00f3 addicional:<\/b> Podeu trobar m\u00e9s informaci\u00f3 a la nostra <a href=\"https:\/\/mengemdaqui.com\/index.php\/avis-legal\/\" target=\"_blank\" rel=\"noopener\">Pol\u00edtica de Privacitat<\/a><\/p>\n<p>[\/et_pb_text][\/et_pb_column][et_pb_column type=\u00bb1_2&#8243; _builder_version=\u00bb4.16&#8243; _module_preset=\u00bbdefault\u00bb background_color=\u00bb#FFFFFF\u00bb custom_padding=\u00bb76px|47px|76px|47px|true|true\u00bb custom_padding_tablet=\u00bb50px|30px|50px|30px|true|true\u00bb custom_padding_phone=\u00bb40px||40px||true|true\u00bb custom_padding_last_edited=\u00bbon|phone\u00bb border_radii=\u00bbon|24px|24px|24px|24px\u00bb global_colors_info=\u00bb{}\u00bb][et_pb_contact_form captcha=\u00bboff\u00bb _builder_version=\u00bb4.27.2&#8243; _module_preset=\u00bbdefault\u00bb form_field_background_color=\u00bb#f7f7f7&#8243; form_field_text_color=\u00bb#959597&#8243; form_field_custom_margin=\u00bb||18px||false|false\u00bb form_field_font=\u00bbPoppins||||||||\u00bb form_field_font_size=\u00bb16px\u00bb custom_button=\u00bbon\u00bb button_text_size=\u00bb12px\u00bb button_text_color=\u00bb#FFFFFF\u00bb button_bg_color=\u00bb#8cc32f\u00bb button_border_width=\u00bb0px\u00bb button_border_radius=\u00bb36px\u00bb button_font=\u00bbPoppins|||on|||||\u00bb button_custom_padding=\u00bb10px||10px||true|false\u00bb width=\u00bb100%\u00bb custom_padding=\u00bb|0px||||\u00bb border_radii=\u00bbon|11px|11px|11px|11px\u00bb global_colors_info=\u00bb{}\u00bb][et_pb_contact_field field_id=\u00bbNom\u00bb field_title=\u00bbNom\u00bb fullwidth_field=\u00bbon\u00bb _builder_version=\u00bb4.27.2&#8243; global_colors_info=\u00bb{}\u00bb button_text_size__hover_enabled=\u00bboff\u00bb button_one_text_size__hover_enabled=\u00bboff\u00bb button_two_text_size__hover_enabled=\u00bboff\u00bb button_text_color__hover_enabled=\u00bboff\u00bb button_one_text_color__hover_enabled=\u00bboff\u00bb button_two_text_color__hover_enabled=\u00bboff\u00bb button_border_width__hover_enabled=\u00bboff\u00bb button_one_border_width__hover_enabled=\u00bboff\u00bb button_two_border_width__hover_enabled=\u00bboff\u00bb button_border_color__hover_enabled=\u00bboff\u00bb button_one_border_color__hover_enabled=\u00bboff\u00bb button_two_border_color__hover_enabled=\u00bboff\u00bb button_border_radius__hover_enabled=\u00bboff\u00bb button_one_border_radius__hover_enabled=\u00bboff\u00bb button_two_border_radius__hover_enabled=\u00bboff\u00bb button_letter_spacing__hover_enabled=\u00bboff\u00bb button_one_letter_spacing__hover_enabled=\u00bboff\u00bb button_two_letter_spacing__hover_enabled=\u00bboff\u00bb button_bg_color__hover_enabled=\u00bboff\u00bb button_one_bg_color__hover_enabled=\u00bboff\u00bb button_two_bg_color__hover_enabled=\u00bboff\u00bb][\/et_pb_contact_field][et_pb_contact_field field_id=\u00bbEmail\u00bb field_title=\u00bbEmail \u00bb field_type=\u00bbemail\u00bb fullwidth_field=\u00bbon\u00bb _builder_version=\u00bb4.27.2&#8243; global_colors_info=\u00bb{}\u00bb button_text_size__hover_enabled=\u00bboff\u00bb button_one_text_size__hover_enabled=\u00bboff\u00bb button_two_text_size__hover_enabled=\u00bboff\u00bb button_text_color__hover_enabled=\u00bboff\u00bb button_one_text_color__hover_enabled=\u00bboff\u00bb button_two_text_color__hover_enabled=\u00bboff\u00bb button_border_width__hover_enabled=\u00bboff\u00bb button_one_border_width__hover_enabled=\u00bboff\u00bb button_two_border_width__hover_enabled=\u00bboff\u00bb button_border_color__hover_enabled=\u00bboff\u00bb button_one_border_color__hover_enabled=\u00bboff\u00bb button_two_border_color__hover_enabled=\u00bboff\u00bb button_border_radius__hover_enabled=\u00bboff\u00bb button_one_border_radius__hover_enabled=\u00bboff\u00bb button_two_border_radius__hover_enabled=\u00bboff\u00bb button_letter_spacing__hover_enabled=\u00bboff\u00bb button_one_letter_spacing__hover_enabled=\u00bboff\u00bb button_two_letter_spacing__hover_enabled=\u00bboff\u00bb button_bg_color__hover_enabled=\u00bboff\u00bb button_one_bg_color__hover_enabled=\u00bboff\u00bb button_two_bg_color__hover_enabled=\u00bboff\u00bb][\/et_pb_contact_field][et_pb_contact_field field_id=\u00bbEscola_a_la_qual_pertany_el_vostre_fill\u00bb field_title=\u00bbEscola a la qual pertany el vostre fill\u00bb fullwidth_field=\u00bbon\u00bb _builder_version=\u00bb4.27.2&#8243; _module_preset=\u00bbdefault\u00bb global_colors_info=\u00bb{}\u00bb][\/et_pb_contact_field][et_pb_contact_field field_id=\u00bbNivell\u00bb field_title=\u00bbNivell\u00bb fullwidth_field=\u00bbon\u00bb _builder_version=\u00bb4.27.2&#8243; _module_preset=\u00bbdefault\u00bb global_colors_info=\u00bb{}\u00bb][\/et_pb_contact_field][et_pb_contact_field field_id=\u00bbMessage\u00bb field_title=\u00bbAssumpte\u00bb field_type=\u00bbtext\u00bb fullwidth_field=\u00bbon\u00bb _builder_version=\u00bb4.27.2&#8243; global_colors_info=\u00bb{}\u00bb button_text_size__hover_enabled=\u00bboff\u00bb button_one_text_size__hover_enabled=\u00bboff\u00bb button_two_text_size__hover_enabled=\u00bboff\u00bb button_text_color__hover_enabled=\u00bboff\u00bb button_one_text_color__hover_enabled=\u00bboff\u00bb button_two_text_color__hover_enabled=\u00bboff\u00bb button_border_width__hover_enabled=\u00bboff\u00bb button_one_border_width__hover_enabled=\u00bboff\u00bb button_two_border_width__hover_enabled=\u00bboff\u00bb button_border_color__hover_enabled=\u00bboff\u00bb button_one_border_color__hover_enabled=\u00bboff\u00bb button_two_border_color__hover_enabled=\u00bboff\u00bb button_border_radius__hover_enabled=\u00bboff\u00bb button_one_border_radius__hover_enabled=\u00bboff\u00bb button_two_border_radius__hover_enabled=\u00bboff\u00bb button_letter_spacing__hover_enabled=\u00bboff\u00bb button_one_letter_spacing__hover_enabled=\u00bboff\u00bb button_two_letter_spacing__hover_enabled=\u00bboff\u00bb button_bg_color__hover_enabled=\u00bboff\u00bb button_one_bg_color__hover_enabled=\u00bboff\u00bb button_two_bg_color__hover_enabled=\u00bboff\u00bb][\/et_pb_contact_field][\/et_pb_contact_form][\/et_pb_column][\/et_pb_row][et_pb_row column_structure=\u00bb1_3,1_3,1_3&#8243; make_equal=\u00bbon\u00bb _builder_version=\u00bb4.27.2&#8243; _module_preset=\u00bbdefault\u00bb height=\u00bb263px\u00bb custom_margin=\u00bb-14vw||||false|false\u00bb custom_margin_tablet=\u00bb0%||||false|false\u00bb custom_margin_phone=\u00bb0%||||false|false\u00bb custom_margin_last_edited=\u00bbon|tablet\u00bb hover_enabled=\u00bb0&#8243; locked=\u00bboff\u00bb global_colors_info=\u00bb{}\u00bb custom_padding=\u00bb42px||36px|||\u00bb width=\u00bb100%\u00bb sticky_enabled=\u00bb0&#8243;][et_pb_column type=\u00bb1_3&#8243; _builder_version=\u00bb4.16&#8243; _module_preset=\u00bbdefault\u00bb background_color=\u00bb#FFFFFF\u00bb custom_padding=\u00bb50px|30px|50px|30px|true|true\u00bb border_radii=\u00bbon|25px|25px|25px|25px\u00bb box_shadow_style=\u00bbpreset3&#8243; box_shadow_vertical=\u00bb64px\u00bb box_shadow_blur=\u00bb76px\u00bb box_shadow_spread=\u00bb-20px\u00bb box_shadow_color=\u00bbrgba(149,149,151,0.23)\u00bb global_colors_info=\u00bb{}\u00bb][et_pb_blurb image=\u00bbhttps:\/\/mengemdaqui.com\/wp-content\/uploads\/2023\/05\/cauc-23.png\u00bb _builder_version=\u00bb4.27.2&#8243; _module_preset=\u00bbdefault\u00bb header_font=\u00bbPoppins|600|||||||\u00bb header_text_color=\u00bb#959597&#8243; header_font_size=\u00bb14px\u00bb header_line_height=\u00bb1.3em\u00bb body_font=\u00bbPoppins||||||||\u00bb body_text_color=\u00bb#000000&#8243; body_font_size=\u00bb18px\u00bb body_link_text_color=\u00bb#000000&#8243; text_orientation=\u00bbcenter\u00bb animation=\u00bboff\u00bb hover_enabled=\u00bb0&#8243; body_font_size_tablet=\u00bb16px\u00bb body_font_size_phone=\u00bb\u00bb body_font_size_last_edited=\u00bbon|tablet\u00bb global_colors_info=\u00bb{}\u00bb min_height=\u00bb100px\u00bb custom_margin=\u00bb-19px|||||\u00bb sticky_enabled=\u00bb0&#8243; custom_padding=\u00bb||0px|||\u00bb][\/et_pb_blurb][\/et_pb_column][et_pb_column type=\u00bb1_3&#8243; _builder_version=\u00bb4.16&#8243; _module_preset=\u00bbdefault\u00bb background_color=\u00bb#FFFFFF\u00bb custom_padding=\u00bb50px|30px|50px|30px|true|true\u00bb border_radii=\u00bbon|25px|25px|25px|25px\u00bb box_shadow_style=\u00bbpreset3&#8243; box_shadow_vertical=\u00bb64px\u00bb box_shadow_blur=\u00bb76px\u00bb box_shadow_spread=\u00bb-20px\u00bb box_shadow_color=\u00bbrgba(149,149,151,0.23)\u00bb global_colors_info=\u00bb{}\u00bb][et_pb_blurb _builder_version=\u00bb4.27.2&#8243; _module_preset=\u00bbdefault\u00bb header_font=\u00bbPoppins|600|||||||\u00bb header_text_color=\u00bb#959597&#8243; header_font_size=\u00bb14px\u00bb header_line_height=\u00bb1.3em\u00bb body_font=\u00bbPoppins||||||||\u00bb body_text_color=\u00bb#000000&#8243; body_font_size=\u00bb18px\u00bb body_link_text_color=\u00bb#000000&#8243; text_orientation=\u00bbcenter\u00bb animation=\u00bboff\u00bb body_font_size_tablet=\u00bb16px\u00bb body_font_size_phone=\u00bb\u00bb body_font_size_last_edited=\u00bbon|tablet\u00bb locked=\u00bboff\u00bb global_colors_info=\u00bb{}\u00bb]<\/p>\n<h6 style=\"color: #e5b232; padding-left: 30px; text-align: left;\"><strong>Alt Urgell<\/strong><\/h6>\n<p style=\"padding-left: 30px; text-align: left;\">Passeig Joan Brudieu, 15<br \/>25700 La Seu d\u2019Urgell<br \/>Tel.: 973 35 31 12<\/p>\n<p>[\/et_pb_blurb][\/et_pb_column][et_pb_column type=\u00bb1_3&#8243; _builder_version=\u00bb4.16&#8243; _module_preset=\u00bbdefault\u00bb background_color=\u00bb#FFFFFF\u00bb custom_padding=\u00bb50px|30px|50px|30px|true|true\u00bb border_radii=\u00bbon|25px|25px|25px|25px\u00bb box_shadow_style=\u00bbpreset3&#8243; box_shadow_vertical=\u00bb64px\u00bb box_shadow_blur=\u00bb76px\u00bb box_shadow_spread=\u00bb-20px\u00bb box_shadow_color=\u00bbrgba(149,149,151,0.23)\u00bb global_colors_info=\u00bb{}\u00bb][et_pb_blurb _builder_version=\u00bb4.27.2&#8243; _module_preset=\u00bbdefault\u00bb header_font=\u00bbPoppins|600|||||||\u00bb header_text_color=\u00bb#959597&#8243; header_font_size=\u00bb14px\u00bb header_line_height=\u00bb1.3em\u00bb body_font=\u00bbPoppins||||||||\u00bb body_text_color=\u00bb#000000&#8243; body_font_size=\u00bb18px\u00bb body_link_text_color=\u00bb#000000&#8243; text_orientation=\u00bbcenter\u00bb animation=\u00bboff\u00bb body_font_size_tablet=\u00bb16px\u00bb body_font_size_phone=\u00bb\u00bb body_font_size_last_edited=\u00bbon|tablet\u00bb locked=\u00bboff\u00bb global_colors_info=\u00bb{}\u00bb]<\/p>\n<h6 style=\"color: #e5b232; padding-left: 30px; text-align: left;\"><strong>Cerdanya<\/strong><\/h6>\n<p style=\"padding-left: 30px; text-align: left;\">Pla\u00e7a del Rec, 5<br \/>17520 Puigcerd\u00e0<br \/>Tel.: 972 88 48 84<\/p>\n<p>[\/et_pb_blurb][\/et_pb_column][\/et_pb_row][et_pb_row _builder_version=\u00bb4.27.2&#8243; _module_preset=\u00bbdefault\u00bb global_colors_info=\u00bb{}\u00bb custom_margin=\u00bb0px|auto||auto||\u00bb custom_padding=\u00bb0px|||||\u00bb min_height=\u00bb32.5px\u00bb][et_pb_column type=\u00bb4_4&#8243; _builder_version=\u00bb4.27.2&#8243; _module_preset=\u00bbdefault\u00bb global_colors_info=\u00bb{}\u00bb][et_pb_text _builder_version=\u00bb4.27.2&#8243; _module_preset=\u00bbdefault\u00bb global_colors_info=\u00bb{}\u00bb custom_margin=\u00bb-3px|||||\u00bb]<\/p>\n<p style=\"text-align: center;\"><strong>Si un productor est\u00e0 interessat en adherir-se pot enviar un mail a:<\/strong> <a href=\"mailto:ensenyament@ccau.cat\" target=\"_blank\" rel=\"noopener noreferrer\">ensenyament@ccau.cat <\/a>i li enviarem la fulla d\u2019adhesi\u00f3<\/p>\n<p>[\/et_pb_text][\/et_pb_column][\/et_pb_row][\/et_pb_section]<\/p>\n","protected":false},"excerpt":{"rendered":"<p>Ajuda&#8217;ns a millorarINFORMACI\u00d3 B\u00c0SICA SOBRE PROTECCI\u00d3 DE DADES:Finalitat del tractament: Mantenir una relaci\u00f3 amb l&#8217;Usuari i enviar el butllet\u00ed de not\u00edcies.Legitimaci\u00f3 del tractament: Consentiment de l&#8217;interessat\/da.Conservaci\u00f3 de les dades: Es conservaran durant el temps que hi hagi un inter\u00e8s mutu o durant el temps que sigui necessari per al compliment d&#8217;obligacions legals.Destinataris: CONSORCI GAL ALT [&hellip;]<\/p>\n","protected":false},"author":1,"featured_media":0,"parent":0,"menu_order":0,"comment_status":"closed","ping_status":"closed","template":"","meta":{"_et_pb_use_builder":"on","_et_pb_old_content":"","_et_gb_content_width":"","footnotes":""},"_links":{"self":[{"href":"https:\/\/mengemdaqui.com\/index.php\/wp-json\/wp\/v2\/pages\/1766"}],"collection":[{"href":"https:\/\/mengemdaqui.com\/index.php\/wp-json\/wp\/v2\/pages"}],"about":[{"href":"https:\/\/mengemdaqui.com\/index.php\/wp-json\/wp\/v2\/types\/page"}],"author":[{"embeddable":true,"href":"https:\/\/mengemdaqui.com\/index.php\/wp-json\/wp\/v2\/users\/1"}],"replies":[{"embeddable":true,"href":"https:\/\/mengemdaqui.com\/index.php\/wp-json\/wp\/v2\/comments?post=1766"}],"version-history":[{"count":9,"href":"https:\/\/mengemdaqui.com\/index.php\/wp-json\/wp\/v2\/pages\/1766\/revisions"}],"predecessor-version":[{"id":3698,"href":"https:\/\/mengemdaqui.com\/index.php\/wp-json\/wp\/v2\/pages\/1766\/revisions\/3698"}],"wp:attachment":[{"href":"https:\/\/mengemdaqui.com\/index.php\/wp-json\/wp\/v2\/media?parent=1766"}],"curies":[{"name":"wp","href":"https:\/\/api.w.org\/{rel}","templated":true}]}}