{"id":177,"date":"2017-09-15T15:05:42","date_gmt":"2017-09-15T15:05:42","guid":{"rendered":"https:\/\/mengemdaqui.com\/?page_id=177"},"modified":"2024-10-31T11:32:39","modified_gmt":"2024-10-31T10:32:39","slug":"projecte","status":"publish","type":"page","link":"https:\/\/mengemdaqui.com\/index.php\/projecte\/","title":{"rendered":"PROJECTE"},"content":{"rendered":"<p>[et_pb_section fb_built=\u00bb1&#8243; admin_label=\u00bbHeader\u00bb _builder_version=\u00bb4.27.2&#8243; _module_preset=\u00bbdefault\u00bb use_background_color_gradient=\u00bbon\u00bb background_color_gradient_stops=\u00bb#9ec44c 0%|rgba(255,255,255,0) 61%\u00bb background_color_gradient_overlays_image=\u00bbon\u00bb background_image=\u00bbhttps:\/\/mengemdaqui.com\/wp-content\/uploads\/2024\/10\/cap1-scaled.jpg\u00bb background_position=\u00bbtop_right\u00bb width=\u00bb95%\u00bb max_width=\u00bb95%\u00bb module_alignment=\u00bbcenter\u00bb min_height=\u00bb620px\u00bb custom_margin=\u00bb||||false|false\u00bb custom_padding=\u00bb6vw||0vw||false|false\u00bb bottom_divider_style=\u00bbslant\u00bb bottom_divider_color=\u00bb#FFFFFF\u00bb bottom_divider_height=\u00bb9vw\u00bb bottom_divider_arrangement=\u00bbabove_content\u00bb bottom_divider_height_tablet=\u00bb98px\u00bb bottom_divider_height_phone=\u00bb87px\u00bb bottom_divider_height_last_edited=\u00bboff|desktop\u00bb border_radii=\u00bbon|40px|40px|40px|40px\u00bb border_width_all=\u00bb10px\u00bb border_color_all=\u00bb#FFFFFF\u00bb locked=\u00bboff\u00bb global_colors_info=\u00bb{}\u00bb][et_pb_row _builder_version=\u00bb4.27.2&#8243; _module_preset=\u00bbdefault\u00bb z_index=\u00bb10&#8243; width=\u00bb83%\u00bb max_width=\u00bb1278px\u00bb custom_margin=\u00bb||||false|false\u00bb global_colors_info=\u00bb{}\u00bb][et_pb_column type=\u00bb4_4&#8243; _builder_version=\u00bb4.16&#8243; _module_preset=\u00bbdefault\u00bb global_colors_info=\u00bb{}\u00bb][et_pb_text _builder_version=\u00bb4.27.2&#8243; _module_preset=\u00bb64726270-e0e9-4f3d-bffe-4708fbfd76fb\u00bb text_font=\u00bbGloria Hallelujah||||||||\u00bb text_font_size=\u00bb11px\u00bb header_font=\u00bbPoppins|700|||||||\u00bb header_text_align=\u00bbcenter\u00bb header_text_color=\u00bb#FFFFFF\u00bb header_font_size=\u00bb75px\u00bb header_line_height=\u00bb1.2em\u00bb header_3_font_size=\u00bb12px\u00bb width=\u00bb58%\u00bb custom_margin=\u00bb||10px||false|false\u00bb header_font_size_tablet=\u00bb40px\u00bb header_font_size_phone=\u00bb24px\u00bb header_font_size_last_edited=\u00bbon|tablet\u00bb global_colors_info=\u00bb{}\u00bb]<\/p>\n<h1 class=\"et_pb_module_header\" style=\"text-align: left;\">Projecte Mengem d\u2019aqu\u00ed<\/h1>\n<h1><\/h1>\n<p>[\/et_pb_text][et_pb_text _builder_version=\u00bb4.27.2&#8243; _module_preset=\u00bb102bef9d-a6b9-41f0-af77-1ed5b7bd0593&#8243; text_font=\u00bbPoppins||||||||\u00bb text_text_color=\u00bb#FFFFFF\u00bb text_font_size=\u00bb30px\u00bb text_line_height=\u00bb1.8em\u00bb width=\u00bb100%\u00bb max_width=\u00bb600px\u00bb module_alignment=\u00bbleft\u00bb custom_margin=\u00bb|480px||||\u00bb text_font_size_tablet=\u00bb15px\u00bb text_font_size_phone=\u00bb14px\u00bb text_font_size_last_edited=\u00bbon|phone\u00bb locked=\u00bboff\u00bb global_colors_info=\u00bb{}\u00bb]<\/p>\n<p><span>A MENJAR SE N\u2019APR\u00c8N MENJANT<\/span><\/p>\n<p>[\/et_pb_text][\/et_pb_column][\/et_pb_row][\/et_pb_section][et_pb_section fb_built=\u00bb1&#8243; admin_label=\u00bbAbout\u00bb _builder_version=\u00bb4.27.2&#8243; _module_preset=\u00bbdefault\u00bb width=\u00bb95%\u00bb module_alignment=\u00bbcenter\u00bb locked=\u00bboff\u00bb global_colors_info=\u00bb{}\u00bb][et_pb_row column_structure=\u00bb1_2,1_2&#8243; _builder_version=\u00bb4.16&#8243; _module_preset=\u00bbdefault\u00bb global_colors_info=\u00bb{}\u00bb][et_pb_column type=\u00bb1_2&#8243; _builder_version=\u00bb4.16&#8243; _module_preset=\u00bbdefault\u00bb global_colors_info=\u00bb{}\u00bb][et_pb_text _builder_version=\u00bb4.27.2&#8243; _module_preset=\u00bb484d2cfc-5d7f-4741-92db-06bcac696713&#8243; text_font=\u00bbPoppins||||||||\u00bb text_font_size=\u00bb16px\u00bb text_line_height=\u00bb1.8em\u00bb max_width=\u00bb800px\u00bb text_font_size_tablet=\u00bb15px\u00bb text_font_size_phone=\u00bb14px\u00bb text_font_size_last_edited=\u00bbon|desktop\u00bb global_colors_info=\u00bb{}\u00bb]<\/p>\n<p style=\"text-align: justify;\">El present projecte es tracta d\u2019una iniciativa del <strong>Consorci GAL Alt Urgell-Cerdanya<\/strong> que compta amb la col\u00b7laboraci\u00f3 dels dos consells comarcals (Alt Urgell i Cerdanya) i el finan\u00e7ament del Departament d\u2018Agricultura, Ramaderia, Pesca i Alimentaci\u00f3 de la Generalitat en el marc del programa de desenvolupament rural de Catalunya 2014-2020 i del Fons Europeu Agr\u00edcola de Desenvolupament Rural (FEADER).<br \/>L\u2019alimentaci\u00f3 saludable es defineix com aquella que \u00e9s suficient, equilibrada, variada i segura, per\u00f2 tamb\u00e9 adaptada al comensal, a l&#8217;entorn i sobretot sensorialment satisfact\u00f2ria. Doncs tant nens com adults mengem evidentment per nodrir-nos per\u00f2 tamb\u00e9 per altres motius igual d&#8217;importants com: la satisfacci\u00f3 i el plaer, les relacions afectives, la identificaci\u00f3 social, cultural i religiosa, etc. que a la llarga configuren el comportament alimentari i que poden repercutir en l&#8217;estat de salut de l&#8217;individu.<\/p>\n<p>[\/et_pb_text][et_pb_image src=\u00bbhttps:\/\/mengemdaqui.com\/wp-content\/uploads\/2024\/10\/quesito.png\u00bb title_text=\u00bbquesito\u00bb align=\u00bbcenter\u00bb _builder_version=\u00bb4.27.2&#8243; _module_preset=\u00bbdefault\u00bb border_radii=\u00bbon|25px|25px|25px|25px\u00bb global_colors_info=\u00bb{}\u00bb][\/et_pb_image][\/et_pb_column][et_pb_column type=\u00bb1_2&#8243; _builder_version=\u00bb4.16&#8243; _module_preset=\u00bbdefault\u00bb global_colors_info=\u00bb{}\u00bb][et_pb_text _builder_version=\u00bb4.27.2&#8243; _module_preset=\u00bb484d2cfc-5d7f-4741-92db-06bcac696713&#8243; text_font=\u00bbPoppins||||||||\u00bb text_font_size=\u00bb16px\u00bb text_line_height=\u00bb1.8em\u00bb max_width=\u00bb800px\u00bb text_font_size_tablet=\u00bb15px\u00bb text_font_size_phone=\u00bb14px\u00bb text_font_size_last_edited=\u00bbon|desktop\u00bb locked=\u00bboff\u00bb global_colors_info=\u00bb{}\u00bb]<\/p>\n<h4 style=\"text-align: justify;\">A menjar se n&#8217;apr\u00e8n menjant,<\/h4>\n<p style=\"text-align: justify;\">Aix\u00ed doncs, encara que la teoria \u00e9s b\u00e0sica per comen\u00e7ar, el secret est\u00e0 en la pr\u00e0ctica. No serveix de res saber que cal menjar 5 racions de fruita i verdura al dia si al final del dia com a molt hem menjat d&#8217;una poma perqu\u00e8 no ens hem planificat b\u00e9 la compra o el dia.<\/p>\n<p style=\"text-align: justify;\">Aquest projecte pret\u00e9n col\u00b7laborar casa i escola per a crear unes pautes a seguir tot garantint una alimentaci\u00f3 bona, sana i sostenible, a trav\u00e9s d\u2019eines i trucs per tal que la seva gesti\u00f3 sigui f\u00e0cil, des del moment de la planificaci\u00f3 fins que el menjar arriba a la taula.<\/p>\n<p style=\"text-align: justify;\">Menjar sa \u00e9s adaptar el consum d\u2019aliments a les necessitats pr\u00f2pies de cada individu. L\u2019Ag\u00e8ncia Europea de Seguretat alimentaria (EFSA) i l\u2019Organitzaci\u00f3 Mundial de la Salut (OMS) recomanen que l\u2019energia consumida per un individu al llarg del dia es distribueixi segons: 45-60% Hidrats de carboni, 20-35% greixos i un 10- 15% prote\u00efnes. Per\u00f2&#8230; com planificar una alimentaci\u00f3 nom\u00e9s sabent aquests percentatges? Eines com la pir\u00e0mide alimentaria o taules d\u2019equival\u00e8ncies s\u00f3n una bona alternativa per facilitar-ho.<\/p>\n<p>[\/et_pb_text][\/et_pb_column][\/et_pb_row][\/et_pb_section][et_pb_section fb_built=\u00bb1&#8243; admin_label=\u00bbFeatures\u00bb _builder_version=\u00bb4.27.2&#8243; _module_preset=\u00bbdefault\u00bb background_color=\u00bb#8cc32f\u00bb background_image=\u00bbhttps:\/\/mengemdaqui.com\/wp-content\/uploads\/2024\/10\/grocery-delivery-pattern_01-1.png\u00bb background_blend=\u00bbsoft-light\u00bb width=\u00bb95%\u00bb module_alignment=\u00bbcenter\u00bb custom_margin=\u00bb10px|10px|10px|10px|true|true\u00bb custom_padding=\u00bb4vw||0px||false|false\u00bb bottom_divider_style=\u00bbslant\u00bb bottom_divider_color=\u00bb#FFFFFF\u00bb bottom_divider_height=\u00bb10vw\u00bb border_radii=\u00bbon|24px|24px|24px|24px\u00bb border_color_all=\u00bb#FFFFFF\u00bb locked=\u00bboff\u00bb global_colors_info=\u00bb{}\u00bb][et_pb_row column_structure=\u00bb1_3,1_3,1_3&#8243; make_equal=\u00bbon\u00bb _builder_version=\u00bb4.27.2&#8243; _module_preset=\u00bbdefault\u00bb max_height=\u00bb417px\u00bb custom_margin=\u00bb6vw|auto||auto|false|false\u00bb global_colors_info=\u00bb{}\u00bb][et_pb_column type=\u00bb1_3&#8243; _builder_version=\u00bb4.16&#8243; _module_preset=\u00bbdefault\u00bb global_colors_info=\u00bb{}\u00bb][et_pb_text _builder_version=\u00bb4.27.2&#8243; _module_preset=\u00bb83d94e9b-bff8-4c15-9e33-e7b1a7a21887&#8243; header_font=\u00bbPoppins||||||||\u00bb header_2_font=\u00bbPoppins|700|||||||\u00bb header_2_text_color=\u00bb#282d26&#8243; header_2_font_size=\u00bb40px\u00bb header_2_line_height=\u00bb1.2em\u00bb custom_margin=\u00bb-38px||10px||false|false\u00bb header_2_font_size_tablet=\u00bb32px\u00bb header_2_font_size_phone=\u00bb20px\u00bb header_2_font_size_last_edited=\u00bbon|phone\u00bb locked=\u00bboff\u00bb global_colors_info=\u00bb{}\u00bb]<\/p>\n<h2>Mengem d&#8217;aqui<\/h2>\n<p>[\/et_pb_text][et_pb_text _builder_version=\u00bb4.27.2&#8243; _module_preset=\u00bb484d2cfc-5d7f-4741-92db-06bcac696713&#8243; text_font=\u00bbPoppins||||||||\u00bb text_text_color=\u00bb#FFFFFF\u00bb text_font_size=\u00bb20px\u00bb text_line_height=\u00bb1.8em\u00bb max_width=\u00bb800px\u00bb text_font_size_tablet=\u00bb15px\u00bb text_font_size_phone=\u00bb14px\u00bb text_font_size_last_edited=\u00bbon|desktop\u00bb locked=\u00bboff\u00bb global_colors_info=\u00bb{}\u00bb]<\/p>\n<p style=\"text-align: left;\">Aquest projecte pret\u00e9n col\u00b7laborar casa i escola per a crear unes pautes a seguir tot garantint una alimentaci\u00f3 bona, sana i sostenible, a trav\u00e9s d\u2019eines i trucs per tal que la seva gesti\u00f3 sigui f\u00e0cil, des del moment de la planificaci\u00f3 fins que el menjar arriba a la taula.<\/p>\n<p>[\/et_pb_text][\/et_pb_column][et_pb_column type=\u00bb1_3&#8243; _builder_version=\u00bb4.27.2&#8243; _module_preset=\u00bbdefault\u00bb background_color=\u00bb#FFFFFF\u00bb transform_scale_tablet=\u00bb\u00bb transform_scale_phone=\u00bb\u00bb transform_scale_last_edited=\u00bbon|desktop\u00bb transform_translate=\u00bb0px|-10vw\u00bb transform_translate_tablet=\u00bb0px|0vw\u00bb transform_translate_phone=\u00bb\u00bb transform_translate_last_edited=\u00bbon|tablet\u00bb transform_translate_linked=\u00bboff\u00bb transform_rotate_tablet=\u00bb\u00bb transform_rotate_phone=\u00bb\u00bb transform_rotate_last_edited=\u00bbon|desktop\u00bb transform_skew_tablet=\u00bb\u00bb transform_skew_phone=\u00bb\u00bb transform_skew_last_edited=\u00bbon|desktop\u00bb transform_origin_tablet=\u00bb\u00bb transform_origin_phone=\u00bb\u00bb transform_origin_last_edited=\u00bbon|desktop\u00bb transform_styles_last_edited=\u00bbon|tablet\u00bb vertical_offset=\u00bb0px\u00bb horizontal_offset=\u00bb0px\u00bb z_index=\u00bb0&#8243; custom_padding=\u00bb60px|30px|60px|30px|true|true\u00bb custom_padding_tablet=\u00bb40px|30px|40px|30px|true|true\u00bb custom_padding_phone=\u00bb|20px||20px|true|true\u00bb custom_padding_last_edited=\u00bbon|phone\u00bb transform_styles_tablet=\u00bb\u00bb transform_styles_phone=\u00bb\u00bb border_radii=\u00bbon|25px|25px|25px|25px\u00bb global_colors_info=\u00bb{}\u00bb][et_pb_blurb title=\u00bbDinamitzem el consum d\u2019aliments locals\ud83c\udf31\ud83d\ude9c\u00bb image=\u00bbhttps:\/\/mengemdaqui.com\/wp-content\/uploads\/2024\/10\/tomaquet.jpg\u00bb content_max_width=\u00bb337px\u00bb _builder_version=\u00bb4.27.2&#8243; _module_preset=\u00bb67dc000f-939c-46f2-abcc-11d0b9995d52&#8243; header_font=\u00bbPoppins|700|||||||\u00bb header_text_color=\u00bb#22303f\u00bb header_font_size=\u00bb20px\u00bb header_line_height=\u00bb1.3em\u00bb body_font=\u00bbPoppins||||||||\u00bb body_font_size=\u00bb14px\u00bb text_orientation=\u00bbcenter\u00bb custom_margin=\u00bb-20px|-20px|-20px|-20px|false|false\u00bb animation=\u00bboff\u00bb header_font_size_tablet=\u00bb16px\u00bb header_font_size_phone=\u00bb14px\u00bb header_font_size_last_edited=\u00bbon|phone\u00bb body_font_size_tablet=\u00bb14px\u00bb body_font_size_last_edited=\u00bboff|desktop\u00bb border_radii_image=\u00bbon|20px|20px|20px|20px\u00bb locked=\u00bboff\u00bb global_colors_info=\u00bb{}\u00bb][\/et_pb_blurb][\/et_pb_column][et_pb_column type=\u00bb1_3&#8243; _builder_version=\u00bb4.16&#8243; _module_preset=\u00bbdefault\u00bb background_color=\u00bb#FFFFFF\u00bb custom_padding=\u00bb60px|30px|60px|30px|true|true\u00bb custom_padding_tablet=\u00bb40px|30px|40px|30px|true|true\u00bb custom_padding_phone=\u00bb|20px||20px|true|true\u00bb custom_padding_last_edited=\u00bbon|phone\u00bb border_radii=\u00bbon|25px|25px|25px|25px\u00bb global_colors_info=\u00bb{}\u00bb][et_pb_blurb title=\u00bbCooperem amb menjadors escolars \ud83c\udf7d\ufe0f\u00bb image=\u00bbhttps:\/\/mengemdaqui.com\/wp-content\/uploads\/2024\/10\/vaca.jpg\u00bb _builder_version=\u00bb4.27.2&#8243; _module_preset=\u00bb67dc000f-939c-46f2-abcc-11d0b9995d52&#8243; header_font=\u00bbPoppins|700|||||||\u00bb header_text_color=\u00bb#22303f\u00bb header_font_size=\u00bb20px\u00bb header_line_height=\u00bb1.3em\u00bb body_font=\u00bbPoppins||||||||\u00bb body_font_size=\u00bb14px\u00bb text_orientation=\u00bbcenter\u00bb custom_margin=\u00bb-20px|-30px|-20px|-30px|false|false\u00bb animation=\u00bboff\u00bb header_font_size_tablet=\u00bb16px\u00bb header_font_size_phone=\u00bb14px\u00bb header_font_size_last_edited=\u00bbon|phone\u00bb body_font_size_tablet=\u00bb14px\u00bb body_font_size_last_edited=\u00bboff|desktop\u00bb border_radii_image=\u00bbon|20px|20px|20px|20px\u00bb locked=\u00bboff\u00bb global_colors_info=\u00bb{}\u00bb][\/et_pb_blurb][\/et_pb_column][\/et_pb_row][et_pb_row column_structure=\u00bb1_3,1_3,1_3&#8243; make_equal=\u00bbon\u00bb _builder_version=\u00bb4.27.2&#8243; _module_preset=\u00bbdefault\u00bb min_height=\u00bb319px\u00bb custom_padding=\u00bb16px||0px|||\u00bb global_colors_info=\u00bb{}\u00bb][et_pb_column type=\u00bb1_3&#8243; _builder_version=\u00bb4.16&#8243; _module_preset=\u00bbdefault\u00bb global_colors_info=\u00bb{}\u00bb][\/et_pb_column][et_pb_column type=\u00bb1_3&#8243; _builder_version=\u00bb4.16&#8243; _module_preset=\u00bbdefault\u00bb background_color=\u00bb#FFFFFF\u00bb transform_translate=\u00bb0px|-10vw\u00bb transform_translate_linked=\u00bboff\u00bb custom_padding=\u00bb60px|30px|60px|30px|true|true\u00bb custom_padding_tablet=\u00bb40px|30px|40px|30px|true|true\u00bb custom_padding_phone=\u00bb|20px||20px|true|true\u00bb custom_padding_last_edited=\u00bbon|phone\u00bb border_radii=\u00bbon|25px|25px|25px|25px\u00bb global_colors_info=\u00bb{}\u00bb][et_pb_blurb title=\u00bbPromovem una alimentaci\u00f3 sana i sostenible\ud83e\udd57\u00bb image=\u00bbhttps:\/\/mengemdaqui.com\/wp-content\/uploads\/2024\/10\/menjador.jpg\u00bb _builder_version=\u00bb4.27.2&#8243; _module_preset=\u00bb67dc000f-939c-46f2-abcc-11d0b9995d52&#8243; header_font=\u00bbPoppins|700|||||||\u00bb header_text_color=\u00bb#22303f\u00bb header_font_size=\u00bb20px\u00bb header_line_height=\u00bb1.3em\u00bb body_font=\u00bbPoppins||||||||\u00bb body_font_size=\u00bb14px\u00bb text_orientation=\u00bbcenter\u00bb custom_margin=\u00bb-20px|-29px|-20px|-30px|false|false\u00bb animation=\u00bboff\u00bb header_font_size_tablet=\u00bb16px\u00bb header_font_size_phone=\u00bb14px\u00bb header_font_size_last_edited=\u00bbon|phone\u00bb body_font_size_tablet=\u00bb14px\u00bb body_font_size_last_edited=\u00bboff|desktop\u00bb border_radii_image=\u00bbon|20px|20px|20px|20px\u00bb locked=\u00bboff\u00bb global_colors_info=\u00bb{}\u00bb][\/et_pb_blurb][\/et_pb_column][et_pb_column type=\u00bb1_3&#8243; _builder_version=\u00bb4.27.2&#8243; _module_preset=\u00bbdefault\u00bb custom_padding=\u00bb0px||0px||false|false\u00bb global_colors_info=\u00bb{}\u00bb][\/et_pb_column][\/et_pb_row][\/et_pb_section]<\/p>\n","protected":false},"excerpt":{"rendered":"<p>Projecte Mengem d\u2019aqu\u00ed A MENJAR SE N\u2019APR\u00c8N MENJANTEl present projecte es tracta d\u2019una iniciativa del Consorci GAL Alt Urgell-Cerdanya que compta amb la col\u00b7laboraci\u00f3 dels dos consells comarcals (Alt Urgell i Cerdanya) i el finan\u00e7ament del Departament d\u2018Agricultura, Ramaderia, Pesca i Alimentaci\u00f3 de la Generalitat en el marc del programa de desenvolupament rural de Catalunya [&hellip;]<\/p>\n","protected":false},"author":1,"featured_media":0,"parent":0,"menu_order":0,"comment_status":"closed","ping_status":"closed","template":"","meta":{"_et_pb_use_builder":"on","_et_pb_old_content":"","_et_gb_content_width":"","footnotes":""},"_links":{"self":[{"href":"https:\/\/mengemdaqui.com\/index.php\/wp-json\/wp\/v2\/pages\/177"}],"collection":[{"href":"https:\/\/mengemdaqui.com\/index.php\/wp-json\/wp\/v2\/pages"}],"about":[{"href":"https:\/\/mengemdaqui.com\/index.php\/wp-json\/wp\/v2\/types\/page"}],"author":[{"embeddable":true,"href":"https:\/\/mengemdaqui.com\/index.php\/wp-json\/wp\/v2\/users\/1"}],"replies":[{"embeddable":true,"href":"https:\/\/mengemdaqui.com\/index.php\/wp-json\/wp\/v2\/comments?post=177"}],"version-history":[{"count":10,"href":"https:\/\/mengemdaqui.com\/index.php\/wp-json\/wp\/v2\/pages\/177\/revisions"}],"predecessor-version":[{"id":3744,"href":"https:\/\/mengemdaqui.com\/index.php\/wp-json\/wp\/v2\/pages\/177\/revisions\/3744"}],"wp:attachment":[{"href":"https:\/\/mengemdaqui.com\/index.php\/wp-json\/wp\/v2\/media?parent=177"}],"curies":[{"name":"wp","href":"https:\/\/api.w.org\/{rel}","templated":true}]}}