{"id":2390,"date":"2021-03-08T10:21:22","date_gmt":"2021-03-08T09:21:22","guid":{"rendered":"https:\/\/mengemdaqui.com\/index.php\/avis-legal-copy\/"},"modified":"2023-05-29T13:34:18","modified_gmt":"2023-05-29T11:34:18","slug":"proteccio-de-dades-personals","status":"publish","type":"page","link":"https:\/\/mengemdaqui.com\/index.php\/proteccio-de-dades-personals\/","title":{"rendered":"Protecci\u00f3 de dades personals"},"content":{"rendered":"<p>[et_pb_section fb_built=\u00bb1&#8243; _builder_version=\u00bb3.22&#8243; background_color=\u00bbrgba(255,255,255,0)\u00bb][et_pb_row _builder_version=\u00bb3.25&#8243; background_size=\u00bbinitial\u00bb background_position=\u00bbtop_left\u00bb background_repeat=\u00bbrepeat\u00bb][et_pb_column type=\u00bb4_4&#8243; _builder_version=\u00bb3.25&#8243; custom_padding=\u00bb|||\u00bb custom_padding__hover=\u00bb|||\u00bb][et_pb_text _builder_version=\u00bb4.0.4&#8243; header_text_color=\u00bb#9ec54c\u00bb hover_enabled=\u00bb0&#8243; border_style=\u00bbsolid\u00bb]<\/p>\n<h1><strong>Protecci\u00f3 de dades personals<\/strong><\/h1>\n<p><strong><u><\/u><\/strong><\/p>\n<p>Mitjan\u00e7ant aquesta p\u00e0gina, el CONSORCI GAL ALT URGELL-CERDANYA vol facilitar un acc\u00e9s \u00e0gil i r\u00e0pid a la pol\u00edtica de privacitat relativa als tractaments de dades que duu a terme, aix\u00ed com informar dels drets que assisteixen a les persones interessades, perqu\u00e8 puguin controlar de manera efectiva les seves dades personals.<\/p>\n<p>&nbsp;<\/p>\n<p><strong>NORMATIVA<\/strong><\/p>\n<p>&#8211; REGLAMENT (UE) 2016\/679 DEL PARLAMENT EUROPEU I DEL CONSELL, de 27 d&#8217;abril de 2016, relatiu a la protecci\u00f3 de les persones f\u00edsiques pel que fa al tractament de dades personals i a la lliure circulaci\u00f3 d&#8217;aquestes dades i pel qual es deroga la Directiva 95\/46\/CE (Reglament General de Protecci\u00f3 de Dades)\u00a0<strong><a href=\"https:\/\/www.boe.es\/doue\/2016\/119\/L00001-00088.pdf\" target=\"_blank\" rel=\"noopener noreferrer\">RGPD<\/a><\/strong><\/p>\n<p>&#8211; Llei Org\u00e0nica 3\/2018, de 5 de desembre, de Protecci\u00f3 de Dades Personals i Garantia dels Drets Digitals.\u00a0<strong><a href=\"https:\/\/www.boe.es\/boe_catalan\/dias\/2018\/12\/06\/pdfs\/BOE-A-2018-16673-C.pdf\" target=\"_blank\" rel=\"noopener noreferrer\">LOPDGDD<\/a><\/strong><\/p>\n<p>&nbsp;<\/p>\n<p><strong>DADES DE CONTACTE DEL DELEGAT DE PROTECCI\u00d3 DE DADES DEL CONSORCI GAL ALT URGELL-CERDANYA<\/strong><\/p>\n<p>CONSORCI GAL ALT URGELL-CERDANYA, d\u2019acord amb l\u2019article 37.1.a del Reglament General de Protecci\u00f3 de Dades (UE) 2016\/679, ha designat un Delegat\/da de Protecci\u00f3 de Dades (DPD).<\/p>\n<p>El delegat\/a de protecci\u00f3 de dades \u00e9s la persona encarregada de vetllar perqu\u00e8 el CONSORCI GAL ALT URGELL-CERDANYA compleixi correctament la normativa de protecci\u00f3 de dades.<\/p>\n<p>Si t\u00e9 dubtes sobre com s&#8217;aplica la normativa de protecci\u00f3 de dades al CONSORCI GAL ALT URGELL-CERDANYA, pot contactar amb el Delegat\/a de Protecci\u00f3 de Dades al correu electr\u00f2nic <strong>dpd@cauc.cat<\/strong>.<\/p>\n<p>S&#8217;exclouen consultes que no tinguin relaci\u00f3 amb Protecci\u00f3 de Dades. Consultes procediments i obligacions de car\u00e0cter administratiu, aix\u00ed com qualsevol altra queixa o suggeriment de tipus general, han de realitzar-se a trav\u00e9s d&#8217;aquest correu cauc@cauc.cat.<\/p>\n<p>&nbsp;<\/p>\n<p><strong>REGISTRE D&#8217;ACTIVITATS DE TRACTAMENT<\/strong><\/p>\n<p>CONSORCI GAL ALT URGELL-CERDANYA aplica als tractaments de dades de car\u00e0cter personal les mesures de seguretat requerides per la normativa i disposa del\u00a0<span>Registre d\u2019Activitats de Tractament<\/span> (RAT).<\/p>\n<p>Els tractaments que s\u2019hi detallen tenen una estructura d\u2019informaci\u00f3 que respon als requeriments de l\u2019article 30 del Reglament General de Protecci\u00f3 de Dades (RGPD).<\/p>\n<p><a href=\"https:\/\/mengemdaqui.com\/wp-content\/uploads\/2023\/05\/RAT-CONSORCI-GAL-ALT-URGELL-CERDANYA.pdf\" target=\"_blank\" rel=\"noopener noreferrer\"><strong>RAT \u2013 Registre d\u2019Activitats de Tractament<\/strong><\/a><\/p>\n<p>&nbsp;<\/p>\n<p><strong>ACCESSOS DIRECTES A INFORMACI\u00d3 RELATIVA A LES DADES PERSONALS<\/strong><\/p>\n<p><strong><a href=\"https:\/\/mengemdaqui.com\/index.php\/avis-legal\/\">Pol\u00edtica de Privacitat<\/a><\/strong><\/p>\n<p><strong><a href=\"https:\/\/mengemdaqui.com\/index.php\/politica-de-cookies\/\">Pol\u00edtica de Cookies\u00a0<\/a><\/strong><\/p>\n<p><strong>\u00a0<\/strong><\/p>\n<p>[\/et_pb_text][\/et_pb_column][\/et_pb_row][\/et_pb_section]<\/p>\n","protected":false},"excerpt":{"rendered":"<p>Protecci\u00f3 de dades personals Mitjan\u00e7ant aquesta p\u00e0gina, el CONSORCI GAL ALT URGELL-CERDANYA vol facilitar un acc\u00e9s \u00e0gil i r\u00e0pid a la pol\u00edtica de privacitat relativa als tractaments de dades que duu a terme, aix\u00ed com informar dels drets que assisteixen a les persones interessades, perqu\u00e8 puguin controlar de manera efectiva les seves dades personals. &nbsp; [&hellip;]<\/p>\n","protected":false},"author":1,"featured_media":0,"parent":0,"menu_order":0,"comment_status":"closed","ping_status":"closed","template":"","meta":{"_et_pb_use_builder":"on","_et_pb_old_content":"<p>https:\/\/mengemdaqui.com\/ i http:\/\/mengemdaqui.cat\/ \u00e9s un domini d\u2019Internet de titularitat del Consorci Alt Urgell \u2013 Cerdanya (NIF P2500092H), siti al Passeig Joan Brudieu n\u00famero 15 de la Seu d\u2019Urgell (25700); tel\u00e8fon: 973 353 112; fax: 973 352 788; c\/e: cauc@cauc.cat<\/p><p>L\u2019acc\u00e9s a la Web implica l\u2019acceptaci\u00f3 de l\u2019usuari de les normes d\u2019\u00fas que s\u2019estableixen per al mateix, aix\u00ed com, l\u2019acceptaci\u00f3 del contingut de la cl\u00e0usula d\u2019exempci\u00f3 de responsabilitat i dels Drets de Propietat Intel\u2022lectual i industrial aplicable.<br \/> I. Drets de Propietat Intel\u2022lectual i industrial<br \/> Es prohibeix la reproducci\u00f3 total o parcial dels continguts d\u2019aquesta Web sense citar el seu origen o sol\u2022licitar autoritzaci\u00f3 expressa al Consorci Alt Urgell \u2013 Cerdanya.<br \/> L\u2019usuari de la Web es compromet a no reproduir, copiar, distribuir, transformar o modificar els continguts del lloc web, incloses marques, noms comercials o signes distintius, ja siguin de titularitat del Consorci Alt Urgell \u2013 Cerdanya o de tercers (exceptuant els casos de tinen\u00e7a d\u2019autoritzaci\u00f3 per part del titular dels drets), ni a suprimir, manipular o de qualsevol forma alterar el \u201ccopyright\u201d.<br \/> II. Exempci\u00f3 de responsabilitat<br \/> La informaci\u00f3 continguda en aquesta Web procedeix de fonts p\u00fabliques amb un objectiu purament informatiu, quedant el Consorci Alt Urgell \u2013 Cerdanya exempt de qualsevol responsabilitat derivada de la inexactitud dels continguts. L\u2019acc\u00e9s a la Web \u00e9s gratu\u00eft i no genera relaci\u00f3 comercial, contractual o professional entre els seus usuaris i l\u2019ens.<br \/> El Consorci Alt Urgell \u2013 Cerdanya no es fa responsable dels danys i perjudicis que pugui ocasionar la utilitzaci\u00f3 de les eines i de les informacions contingudes en la web en relaci\u00f3 amb l\u2019adopci\u00f3 de decisions sobre l\u2019inici, el desenvolupament o el resultat de procediments administratius. Aquests aspectes o les decisions hauran de ser contrastades en els centres, organismes o depend\u00e8ncies competents.<br \/> En qualsevol cas, la informaci\u00f3 i continguts d\u2019aquesta Web no podran ser al\u2022legats en processos contradictoris amb l\u2019Administraci\u00f3 p\u00fablica, no assumint cap responsabilitat per les discrep\u00e0ncies que poguessin existir entre els documents impresos de l\u2019Administraci\u00f3 competent i la publicaci\u00f3 electr\u00f2nica en aquestes p\u00e0gines. Aix\u00ed mateix, el Consorci Alt Urgell \u2013 Cerdanya tampoc es responsabilitza de les contestacions que es realitzin a trav\u00e9s de les diferents direccions de correu electr\u00f2nic que apareixen en aquestes p\u00e0gines, llevat de les respostes oficials.<br \/> El Consorci Alt Urgell \u2013 Cerdanya no respondr\u00e0 en cap cas de l\u2019incompliment de qualsevol norma aplicable en que pugui inc\u00f3rrer l\u2019usuari, ja sigui en l\u2019acc\u00e9s a la Web o en l\u2019\u00fas de les informacions contingudes en aquesta, incl\u00f2s l\u2019acc\u00e9s a enlla\u00e7os i hipervincles continguts en la mateixa.<br \/> El portal cont\u00e9 enlla\u00e7os a p\u00e0gines externes amb funci\u00f3 informativa que possibiliten l\u2019acc\u00e9s de l\u2019usuari a prestacions, informaci\u00f3 i\/o serveis oferts per tercers que no es troben sota el control de l\u2019ens. El Consorci Alt Urgell \u2013 Cerdanya declina qualsevol responsabilitat envers a la informaci\u00f3 que es trobi fora d\u2019aquesta Web.<br \/> El Consorci Alt Urgell \u2013 Cerdanya es reserva el dret, sense preav\u00eds, a modificar, afegir o eliminar la informaci\u00f3 continguda en aquesta Web; aix\u00ed com, a modificar la seva configuraci\u00f3 o presentaci\u00f3.<br \/> III. Privacitat: pol\u00edtica de protecci\u00f3 de dades de car\u00e0cter personal del web cauc.cat<br \/> El Consorci Alt Urgell \u2013 Cerdanya garanteix la confidencialitat de les dades personals que es faciliten a trav\u00e9s de les p\u00e0gines d\u2019aquest web en el termes establerts per la Llei org\u00e0nica 15\/1999, de 13 de desembre, de protecci\u00f3 de dades de car\u00e0cter personal (LOPD), implementant les mesures de seguretat necess\u00e0ries i adequades al tipus de dades personals, d\u2019acord amb el Reial decret 1720\/2007, de 21 de desembre, pel qual s\u2019aprova el Reglament de desenvolupament de la LOPD. Les dades que es requereixin seran les estrictament necess\u00e0ries, adequades i pertinents per a la finalitat per a la qual es recullin i seran sotmeses a un tractament automatitzat.<br \/> A cada p\u00e0gina que contingui formularis que recullin dades de car\u00e0cter personal, s\u2019informar\u00e0, de manera expressa, de l\u2019exist\u00e8ncia d\u2019un fitxer o tractament de dades de car\u00e0cter personal, de la finalitat de la seva recollida i de les persones destinat\u00e0ries de la informaci\u00f3, de les possibles cessions de dades, de la identitat i adre\u00e7a del responsable del fitxer, aix\u00ed com, de la possibilitat d\u2019exercir els drets d\u2019acc\u00e9s, rectificaci\u00f3, cancel\u2022laci\u00f3 i oposici\u00f3 sobre aquestes dades i la manera d\u2019exercir-los. En cas que en algun formulari que reculli dades de car\u00e0cter personal no s\u2019explicitin aquests drets o la manera d\u2019exercir-los, podeu comunicar-ho a la secretaria del Consorci Alt Urgell \u2013 Cerdanya, situada al Passeig Joan Brudieu n\u00famero 15 de la Seu d\u2019Urgell (25700) o a l\u2019adre\u00e7a: cauc@cauc.cat<br \/> Aix\u00ed mateix, tamb\u00e9 us podeu adre\u00e7ar a trav\u00e9s dels mitjans exposats per a exercir els drets d\u2019acc\u00e9s, rectificaci\u00f3, cancel\u2022laci\u00f3 i oposici\u00f3 sobre alguna de les vostres dades personals (incloses imatges o gravacions de veu), que poguessin apar\u00e8ixer en alguna p\u00e0gina informativa del Consorci Alt Urgell \u2013 Cerdanya.<\/p>","_et_gb_content_width":"","footnotes":""},"_links":{"self":[{"href":"https:\/\/mengemdaqui.com\/index.php\/wp-json\/wp\/v2\/pages\/2390"}],"collection":[{"href":"https:\/\/mengemdaqui.com\/index.php\/wp-json\/wp\/v2\/pages"}],"about":[{"href":"https:\/\/mengemdaqui.com\/index.php\/wp-json\/wp\/v2\/types\/page"}],"author":[{"embeddable":true,"href":"https:\/\/mengemdaqui.com\/index.php\/wp-json\/wp\/v2\/users\/1"}],"replies":[{"embeddable":true,"href":"https:\/\/mengemdaqui.com\/index.php\/wp-json\/wp\/v2\/comments?post=2390"}],"version-history":[{"count":5,"href":"https:\/\/mengemdaqui.com\/index.php\/wp-json\/wp\/v2\/pages\/2390\/revisions"}],"predecessor-version":[{"id":3216,"href":"https:\/\/mengemdaqui.com\/index.php\/wp-json\/wp\/v2\/pages\/2390\/revisions\/3216"}],"wp:attachment":[{"href":"https:\/\/mengemdaqui.com\/index.php\/wp-json\/wp\/v2\/media?parent=2390"}],"curies":[{"name":"wp","href":"https:\/\/api.w.org\/{rel}","templated":true}]}}