{"id":281,"date":"2017-09-15T17:18:49","date_gmt":"2017-09-15T17:18:49","guid":{"rendered":"https:\/\/mengemdaqui.com\/index.php\/avis-legal-copy\/"},"modified":"2024-10-31T13:03:03","modified_gmt":"2024-10-31T12:03:03","slug":"recursos","status":"publish","type":"page","link":"https:\/\/mengemdaqui.com\/index.php\/recursos\/","title":{"rendered":"RECURSOS"},"content":{"rendered":"<p>[et_pb_section fb_built=\u00bb1&#8243; admin_label=\u00bbHeader\u00bb _builder_version=\u00bb4.27.2&#8243; _module_preset=\u00bbdefault\u00bb use_background_color_gradient=\u00bbon\u00bb background_color_gradient_stops=\u00bb#9ec44c 0%|rgba(255,255,255,0) 61%\u00bb background_color_gradient_overlays_image=\u00bbon\u00bb background_image=\u00bbhttps:\/\/mengemdaqui.com\/wp-content\/uploads\/2024\/10\/cap1-scaled.jpg\u00bb background_position=\u00bbtop_right\u00bb width=\u00bb95%\u00bb max_width=\u00bb95%\u00bb module_alignment=\u00bbcenter\u00bb min_height=\u00bb620px\u00bb custom_margin=\u00bb||||false|false\u00bb custom_padding=\u00bb6vw||0vw||false|false\u00bb bottom_divider_style=\u00bbslant\u00bb bottom_divider_color=\u00bb#FFFFFF\u00bb bottom_divider_height=\u00bb9vw\u00bb bottom_divider_arrangement=\u00bbabove_content\u00bb bottom_divider_height_tablet=\u00bb98px\u00bb bottom_divider_height_phone=\u00bb87px\u00bb bottom_divider_height_last_edited=\u00bboff|desktop\u00bb border_radii=\u00bbon|40px|40px|40px|40px\u00bb border_width_all=\u00bb10px\u00bb border_color_all=\u00bb#FFFFFF\u00bb locked=\u00bboff\u00bb global_colors_info=\u00bb{}\u00bb][et_pb_row _builder_version=\u00bb4.27.2&#8243; _module_preset=\u00bbdefault\u00bb z_index=\u00bb10&#8243; width=\u00bb83%\u00bb max_width=\u00bb1278px\u00bb custom_margin=\u00bb||||false|false\u00bb global_colors_info=\u00bb{}\u00bb][et_pb_column type=\u00bb4_4&#8243; _builder_version=\u00bb4.16&#8243; _module_preset=\u00bbdefault\u00bb global_colors_info=\u00bb{}\u00bb][et_pb_text _builder_version=\u00bb4.27.2&#8243; _module_preset=\u00bb64726270-e0e9-4f3d-bffe-4708fbfd76fb\u00bb text_font=\u00bbGloria Hallelujah||||||||\u00bb text_font_size=\u00bb11px\u00bb header_font=\u00bbPoppins|700|||||||\u00bb header_text_align=\u00bbcenter\u00bb header_text_color=\u00bb#FFFFFF\u00bb header_font_size=\u00bb75px\u00bb header_line_height=\u00bb1.2em\u00bb header_3_font_size=\u00bb12px\u00bb width=\u00bb58%\u00bb custom_margin=\u00bb||10px||false|false\u00bb header_font_size_tablet=\u00bb40px\u00bb header_font_size_phone=\u00bb24px\u00bb header_font_size_last_edited=\u00bbon|tablet\u00bb global_colors_info=\u00bb{}\u00bb]<\/p>\n<h1 class=\"et_pb_module_header\" style=\"text-align: left;\">Documentaci\u00f3<\/h1>\n<h1><\/h1>\n<p>[\/et_pb_text][\/et_pb_column][\/et_pb_row][\/et_pb_section][et_pb_section fb_built=\u00bb1&#8243; _builder_version=\u00bb4.27.2&#8243; background_color=\u00bb#ffffff\u00bb width=\u00bb95%\u00bb module_alignment=\u00bbcenter\u00bb custom_margin=\u00bb20px||||false|false\u00bb border_radii=\u00bbon|25px|25px|25px|25px\u00bb global_colors_info=\u00bb{}\u00bb][et_pb_row column_structure=\u00bb1_4,1_4,1_4,1_4&#8243; use_custom_gutter=\u00bbon\u00bb gutter_width=\u00bb2&#8243; make_equal=\u00bbon\u00bb _builder_version=\u00bb4.16&#8243; _module_preset=\u00bbdefault\u00bb locked=\u00bboff\u00bb global_colors_info=\u00bb{}\u00bb][et_pb_column type=\u00bb1_4&#8243; _builder_version=\u00bb4.16&#8243; _module_preset=\u00bbdefault\u00bb background_color=\u00bb#FFFFFF\u00bb custom_padding=\u00bb25px|20px|25px|20px|true|true\u00bb border_radii=\u00bbon|25px|25px|25px|25px\u00bb box_shadow_style=\u00bbpreset3&#8243; box_shadow_vertical=\u00bb24px\u00bb box_shadow_blur=\u00bb192px\u00bb box_shadow_spread=\u00bb-48px\u00bb box_shadow_color=\u00bbrgba(149,149,151,0.64)\u00bb global_colors_info=\u00bb{}\u00bb][et_pb_blurb title=\u00bbTr\u00edptic informatiu\u00bb url=\u00bbhttps:\/\/mengemdaqui.com\/wp-content\/uploads\/2024\/10\/triptic-mengemdaqui-web.pdf\u00bb url_new_window=\u00bbon\u00bb image=\u00bbhttps:\/\/mengemdaqui.com\/wp-content\/uploads\/2017\/09\/portada-triptic.jpg\u00bb _builder_version=\u00bb4.27.2&#8243; _module_preset=\u00bb67dc000f-939c-46f2-abcc-11d0b9995d52&#8243; header_font=\u00bbPoppins|700|||||||\u00bb header_text_color=\u00bb#22303f\u00bb header_font_size=\u00bb20px\u00bb header_line_height=\u00bb1.3em\u00bb body_font=\u00bbPoppins||||||||\u00bb body_text_color=\u00bb#000000&#8243; body_font_size=\u00bb14px\u00bb text_orientation=\u00bbcenter\u00bb animation=\u00bboff\u00bb header_font_size_tablet=\u00bb16px\u00bb header_font_size_phone=\u00bb14px\u00bb header_font_size_last_edited=\u00bbon|phone\u00bb body_font_size_tablet=\u00bb14px\u00bb body_font_size_last_edited=\u00bboff|desktop\u00bb locked=\u00bboff\u00bb global_colors_info=\u00bb{}\u00bb][\/et_pb_blurb][\/et_pb_column][et_pb_column type=\u00bb1_4&#8243; _builder_version=\u00bb4.16&#8243; _module_preset=\u00bbdefault\u00bb background_color=\u00bb#FFFFFF\u00bb custom_padding=\u00bb25px|20px|25px|20px|true|true\u00bb border_radii=\u00bbon|25px|25px|25px|25px\u00bb box_shadow_style=\u00bbpreset3&#8243; box_shadow_vertical=\u00bb24px\u00bb box_shadow_blur=\u00bb192px\u00bb box_shadow_spread=\u00bb-48px\u00bb box_shadow_color=\u00bbrgba(149,149,151,0.64)\u00bb global_colors_info=\u00bb{}\u00bb][et_pb_blurb title=\u00bbManual per a les fam\u00edlies\u00bb url=\u00bbhttps:\/\/mengemdaqui.com\/wp-content\/uploads\/2021\/07\/20170723_Manual-menja-bo-sa-i-sostenible-2021-1.pdf\u00bb url_new_window=\u00bbon\u00bb image=\u00bbhttps:\/\/mengemdaqui.com\/wp-content\/uploads\/2017\/09\/manual-families.jpg\u00bb _builder_version=\u00bb4.27.2&#8243; _module_preset=\u00bb67dc000f-939c-46f2-abcc-11d0b9995d52&#8243; header_font=\u00bbPoppins|700|||||||\u00bb header_text_color=\u00bb#22303f\u00bb header_font_size=\u00bb20px\u00bb header_line_height=\u00bb1.3em\u00bb body_font=\u00bbPoppins||||||||\u00bb body_text_color=\u00bb#000000&#8243; body_font_size=\u00bb14px\u00bb text_orientation=\u00bbcenter\u00bb animation=\u00bboff\u00bb header_font_size_tablet=\u00bb16px\u00bb header_font_size_phone=\u00bb14px\u00bb header_font_size_last_edited=\u00bbon|phone\u00bb body_font_size_tablet=\u00bb14px\u00bb body_font_size_last_edited=\u00bboff|desktop\u00bb locked=\u00bboff\u00bb global_colors_info=\u00bb{}\u00bb][\/et_pb_blurb][\/et_pb_column][et_pb_column type=\u00bb1_4&#8243; _builder_version=\u00bb4.16&#8243; _module_preset=\u00bbdefault\u00bb background_color=\u00bb#FFFFFF\u00bb custom_padding=\u00bb25px|20px|25px|20px|true|true\u00bb border_radii=\u00bbon|25px|25px|25px|25px\u00bb box_shadow_style=\u00bbpreset3&#8243; box_shadow_vertical=\u00bb24px\u00bb box_shadow_blur=\u00bb192px\u00bb box_shadow_spread=\u00bb-48px\u00bb box_shadow_color=\u00bbrgba(149,149,151,0.64)\u00bb global_colors_info=\u00bb{}\u00bb][et_pb_blurb title=\u00bbPlantilla de sopars\u00bb url=\u00bbhttps:\/\/mengemdaqui.com\/wp-content\/uploads\/2017\/09\/sopars-en-familia.pdf\u00bb url_new_window=\u00bbon\u00bb image=\u00bbhttps:\/\/mengemdaqui.com\/wp-content\/uploads\/2017\/09\/sopars.jpg\u00bb _builder_version=\u00bb4.27.2&#8243; _module_preset=\u00bb67dc000f-939c-46f2-abcc-11d0b9995d52&#8243; header_font=\u00bbPoppins|700|||||||\u00bb header_text_color=\u00bb#22303f\u00bb header_font_size=\u00bb20px\u00bb header_line_height=\u00bb1.3em\u00bb body_font=\u00bbPoppins||||||||\u00bb body_text_color=\u00bb#000000&#8243; body_font_size=\u00bb14px\u00bb text_orientation=\u00bbcenter\u00bb animation=\u00bboff\u00bb header_font_size_tablet=\u00bb16px\u00bb header_font_size_phone=\u00bb14px\u00bb header_font_size_last_edited=\u00bbon|phone\u00bb body_font_size_tablet=\u00bb14px\u00bb body_font_size_last_edited=\u00bboff|desktop\u00bb locked=\u00bboff\u00bb global_colors_info=\u00bb{}\u00bb][\/et_pb_blurb][\/et_pb_column][et_pb_column type=\u00bb1_4&#8243; _builder_version=\u00bb4.16&#8243; _module_preset=\u00bbdefault\u00bb background_color=\u00bb#FFFFFF\u00bb custom_padding=\u00bb25px|20px|25px|20px|true|true\u00bb border_radii=\u00bbon|25px|25px|25px|25px\u00bb box_shadow_style=\u00bbpreset3&#8243; box_shadow_vertical=\u00bb24px\u00bb box_shadow_blur=\u00bb192px\u00bb box_shadow_spread=\u00bb-48px\u00bb box_shadow_color=\u00bbrgba(149,149,151,0.64)\u00bb global_colors_info=\u00bb{}\u00bb][et_pb_blurb title=\u00bbRECEPTES TRADICIONALS\u00bb image=\u00bbhttps:\/\/mengemdaqui.com\/wp-content\/uploads\/2017\/09\/receptes.jpg\u00bb _builder_version=\u00bb4.27.2&#8243; _module_preset=\u00bb67dc000f-939c-46f2-abcc-11d0b9995d52&#8243; header_font=\u00bbPoppins|700|||||||\u00bb header_text_color=\u00bb#22303f\u00bb header_font_size=\u00bb20px\u00bb header_line_height=\u00bb1.3em\u00bb body_font=\u00bbPoppins||||||||\u00bb body_text_color=\u00bb#000000&#8243; body_font_size=\u00bb14px\u00bb text_orientation=\u00bbcenter\u00bb animation=\u00bboff\u00bb hover_enabled=\u00bb0&#8243; header_font_size_tablet=\u00bb16px\u00bb header_font_size_phone=\u00bb14px\u00bb header_font_size_last_edited=\u00bbon|phone\u00bb body_font_size_tablet=\u00bb14px\u00bb body_font_size_last_edited=\u00bboff|desktop\u00bb locked=\u00bboff\u00bb global_colors_info=\u00bb{}\u00bb sticky_enabled=\u00bb0&#8243; url=\u00bb@ET-DC@eyJkeW5hbWljIjp0cnVlLCJjb250ZW50IjoicG9zdF9saW5rX3VybF9wYWdlIiwic2V0dGluZ3MiOnsicG9zdF9pZCI6IjM3MzQifX0=@\u00bb _dynamic_attributes=\u00bburl\u00bb][\/et_pb_blurb][\/et_pb_column][\/et_pb_row][\/et_pb_section][et_pb_section fb_built=\u00bb1&#8243; _builder_version=\u00bb4.27.2&#8243; background_color=\u00bb#9ec44c\u00bb background_image=\u00bbhttps:\/\/mengemdaqui.com\/wp-content\/uploads\/2024\/10\/grocery-delivery-pattern_01-1.png\u00bb width=\u00bb95%\u00bb module_alignment=\u00bbcenter\u00bb min_height=\u00bb665.8px\u00bb custom_margin=\u00bb20px||40px||false|false\u00bb custom_padding=\u00bb||4px||false|false\u00bb border_radii=\u00bbon|25px|25px|25px|25px\u00bb global_colors_info=\u00bb{}\u00bb][et_pb_row _builder_version=\u00bb4.27.2&#8243; background_size=\u00bbinitial\u00bb background_position=\u00bbtop_left\u00bb background_repeat=\u00bbrepeat\u00bb custom_margin=\u00bb|auto||210px||\u00bb custom_padding=\u00bb||16px|||\u00bb border_radii=\u00bbon|20px|20px|20px|20px\u00bb global_colors_info=\u00bb{}\u00bb][et_pb_column type=\u00bb4_4&#8243; _builder_version=\u00bb4.16&#8243; custom_padding=\u00bb|||\u00bb global_colors_info=\u00bb{}\u00bb custom_padding__hover=\u00bb|||\u00bb][et_pb_text _builder_version=\u00bb4.27.2&#8243; text_font=\u00bb||||||||\u00bb text_text_color=\u00bb#ffffff\u00bb text_font_size=\u00bb16&#8243; text_line_height=\u00bb2&#8243; header_text_color=\u00bb#e5b232&#8243; header_font_size=\u00bb20&#8243; header_line_height=\u00bb1.1em\u00bb background_color=\u00bbRGBA(255,255,255,0)\u00bb custom_margin=\u00bb|||\u00bb custom_padding=\u00bb20px|20px|20px|20px\u00bb border_radii=\u00bbon|20px|20px|20px|20px\u00bb border_style=\u00bbsolid\u00bb global_colors_info=\u00bb{}\u00bb]<\/p>\n<h2 class=\"p1\">Qu\u00e8 aconseguirem gr\u00e0cies a les 10 accions principals d\u2019aquest projecte?<\/h2>\n<blockquote>\n<p class=\"p2\"><strong>1.<\/strong> Assessorament a trav\u00e9s de la Fundaci\u00f3 Al\u00edcia per a l\u2019elaboraci\u00f3 dels men\u00fas escolars.<\/p>\n<p class=\"p2\"><strong>2.<\/strong> Dossier per a les fam\u00edlies que cont\u00e9 pautes i consells per fer un treball alimentari en fam\u00edlia: proposta de sopars, esmorzars i berenars per a tota la setmana, consells de suport a casa, con\u00e8ixer les millors combinacions aliment\u00e0ries,&#8230;<\/p>\n<p class=\"p2\"><strong>3.<\/strong> Criteris compartits a nivell alimentari amb els centres escolars que s\u2019han adherit al projecte<\/p>\n<p class=\"p2\"><strong>4.<\/strong> Incorporaci\u00f3 d\u2019aliments de proximitat, de temporada, receptes del territori, equilibri, sostenibilitat&#8230; en els men\u00fas escolars al llarg de tot el curs escolar.<\/p>\n<p class=\"p2\"><strong>5.<\/strong> Formaci\u00f3 del personal de cuina de tots els menjadors escolars adherits, a trav\u00e9s de la Fundaci\u00f3 Al\u00edcia.<\/p>\n<p class=\"p2\"><strong>6.<\/strong> Formaci\u00f3 dels monitors de menjador de tots els menjadors escolars adherits.<\/p>\n<p class=\"p2\"><strong>7.<\/strong> Acompanyament i suport al personal de cuina i monitors dels menjadors escolars durant tot el curs escolar per incorporar propostes de millora.<\/p>\n<p class=\"p2\"><strong>8.<\/strong> Adhesi\u00f3 de productors i prove\u00efdors locals al projecte, per incorporar els seus productes en els menjadors escolars.<\/p>\n<p class=\"p2\"><strong>9.<\/strong> Plantilla mensual del men\u00fa a cada centre educatiu, amb informaci\u00f3 destacada i identificaci\u00f3 dels productes.<\/p>\n<p class=\"p2\"><strong>10.<\/strong> Visites dels productors locals als centres i\/o a les granges, obradors,&#8230; on s\u2019elaboren els productes per part dels alumnes.<\/p>\n<\/blockquote>\n<p class=\"p2\">Aquest projecte compta amb la cooperaci\u00f3 dels centres educatius, les fam\u00edlies i l\u2019administraci\u00f3, en benefici dels infants i joves.<\/p>\n<p>[\/et_pb_text][\/et_pb_column][\/et_pb_row][\/et_pb_section]<\/p>\n","protected":false},"excerpt":{"rendered":"<p>Documentaci\u00f3 Qu\u00e8 aconseguirem gr\u00e0cies a les 10 accions principals d\u2019aquest projecte? 1. Assessorament a trav\u00e9s de la Fundaci\u00f3 Al\u00edcia per a l\u2019elaboraci\u00f3 dels men\u00fas escolars. 2. Dossier per a les fam\u00edlies que cont\u00e9 pautes i consells per fer un treball alimentari en fam\u00edlia: proposta de sopars, esmorzars i berenars per a tota la setmana, consells [&hellip;]<\/p>\n","protected":false},"author":1,"featured_media":0,"parent":0,"menu_order":0,"comment_status":"closed","ping_status":"closed","template":"","meta":{"_et_pb_use_builder":"on","_et_pb_old_content":"<p>https:\/\/mengemdaqui.com\/ i http:\/\/mengemdaqui.cat\/ \u00e9s un domini d\u2019Internet de titularitat del Consorci Alt Urgell \u2013 Cerdanya (NIF P2500092H), siti al Passeig Joan Brudieu n\u00famero 15 de la Seu d\u2019Urgell (25700); tel\u00e8fon: 973 353 112; fax: 973 352 788; c\/e: cauc@cauc.cat<\/p><p>L\u2019acc\u00e9s a la Web implica l\u2019acceptaci\u00f3 de l\u2019usuari de les normes d\u2019\u00fas que s\u2019estableixen per al mateix, aix\u00ed com, l\u2019acceptaci\u00f3 del contingut de la cl\u00e0usula d\u2019exempci\u00f3 de responsabilitat i dels Drets de Propietat Intel\u2022lectual i industrial aplicable.<br \/> I. Drets de Propietat Intel\u2022lectual i industrial<br \/> Es prohibeix la reproducci\u00f3 total o parcial dels continguts d\u2019aquesta Web sense citar el seu origen o sol\u2022licitar autoritzaci\u00f3 expressa al Consorci Alt Urgell \u2013 Cerdanya.<br \/> L\u2019usuari de la Web es compromet a no reproduir, copiar, distribuir, transformar o modificar els continguts del lloc web, incloses marques, noms comercials o signes distintius, ja siguin de titularitat del Consorci Alt Urgell \u2013 Cerdanya o de tercers (exceptuant els casos de tinen\u00e7a d\u2019autoritzaci\u00f3 per part del titular dels drets), ni a suprimir, manipular o de qualsevol forma alterar el \u201ccopyright\u201d.<br \/> II. Exempci\u00f3 de responsabilitat<br \/> La informaci\u00f3 continguda en aquesta Web procedeix de fonts p\u00fabliques amb un objectiu purament informatiu, quedant el Consorci Alt Urgell \u2013 Cerdanya exempt de qualsevol responsabilitat derivada de la inexactitud dels continguts. L\u2019acc\u00e9s a la Web \u00e9s gratu\u00eft i no genera relaci\u00f3 comercial, contractual o professional entre els seus usuaris i l\u2019ens.<br \/> El Consorci Alt Urgell \u2013 Cerdanya no es fa responsable dels danys i perjudicis que pugui ocasionar la utilitzaci\u00f3 de les eines i de les informacions contingudes en la web en relaci\u00f3 amb l\u2019adopci\u00f3 de decisions sobre l\u2019inici, el desenvolupament o el resultat de procediments administratius. Aquests aspectes o les decisions hauran de ser contrastades en els centres, organismes o depend\u00e8ncies competents.<br \/> En qualsevol cas, la informaci\u00f3 i continguts d\u2019aquesta Web no podran ser al\u2022legats en processos contradictoris amb l\u2019Administraci\u00f3 p\u00fablica, no assumint cap responsabilitat per les discrep\u00e0ncies que poguessin existir entre els documents impresos de l\u2019Administraci\u00f3 competent i la publicaci\u00f3 electr\u00f2nica en aquestes p\u00e0gines. Aix\u00ed mateix, el Consorci Alt Urgell \u2013 Cerdanya tampoc es responsabilitza de les contestacions que es realitzin a trav\u00e9s de les diferents direccions de correu electr\u00f2nic que apareixen en aquestes p\u00e0gines, llevat de les respostes oficials.<br \/> El Consorci Alt Urgell \u2013 Cerdanya no respondr\u00e0 en cap cas de l\u2019incompliment de qualsevol norma aplicable en que pugui inc\u00f3rrer l\u2019usuari, ja sigui en l\u2019acc\u00e9s a la Web o en l\u2019\u00fas de les informacions contingudes en aquesta, incl\u00f2s l\u2019acc\u00e9s a enlla\u00e7os i hipervincles continguts en la mateixa.<br \/> El portal cont\u00e9 enlla\u00e7os a p\u00e0gines externes amb funci\u00f3 informativa que possibiliten l\u2019acc\u00e9s de l\u2019usuari a prestacions, informaci\u00f3 i\/o serveis oferts per tercers que no es troben sota el control de l\u2019ens. El Consorci Alt Urgell \u2013 Cerdanya declina qualsevol responsabilitat envers a la informaci\u00f3 que es trobi fora d\u2019aquesta Web.<br \/> El Consorci Alt Urgell \u2013 Cerdanya es reserva el dret, sense preav\u00eds, a modificar, afegir o eliminar la informaci\u00f3 continguda en aquesta Web; aix\u00ed com, a modificar la seva configuraci\u00f3 o presentaci\u00f3.<br \/> III. Privacitat: pol\u00edtica de protecci\u00f3 de dades de car\u00e0cter personal del web cauc.cat<br \/> El Consorci Alt Urgell \u2013 Cerdanya garanteix la confidencialitat de les dades personals que es faciliten a trav\u00e9s de les p\u00e0gines d\u2019aquest web en el termes establerts per la Llei org\u00e0nica 15\/1999, de 13 de desembre, de protecci\u00f3 de dades de car\u00e0cter personal (LOPD), implementant les mesures de seguretat necess\u00e0ries i adequades al tipus de dades personals, d\u2019acord amb el Reial decret 1720\/2007, de 21 de desembre, pel qual s\u2019aprova el Reglament de desenvolupament de la LOPD. Les dades que es requereixin seran les estrictament necess\u00e0ries, adequades i pertinents per a la finalitat per a la qual es recullin i seran sotmeses a un tractament automatitzat.<br \/> A cada p\u00e0gina que contingui formularis que recullin dades de car\u00e0cter personal, s\u2019informar\u00e0, de manera expressa, de l\u2019exist\u00e8ncia d\u2019un fitxer o tractament de dades de car\u00e0cter personal, de la finalitat de la seva recollida i de les persones destinat\u00e0ries de la informaci\u00f3, de les possibles cessions de dades, de la identitat i adre\u00e7a del responsable del fitxer, aix\u00ed com, de la possibilitat d\u2019exercir els drets d\u2019acc\u00e9s, rectificaci\u00f3, cancel\u2022laci\u00f3 i oposici\u00f3 sobre aquestes dades i la manera d\u2019exercir-los. En cas que en algun formulari que reculli dades de car\u00e0cter personal no s\u2019explicitin aquests drets o la manera d\u2019exercir-los, podeu comunicar-ho a la secretaria del Consorci Alt Urgell \u2013 Cerdanya, situada al Passeig Joan Brudieu n\u00famero 15 de la Seu d\u2019Urgell (25700) o a l\u2019adre\u00e7a: cauc@cauc.cat<br \/> Aix\u00ed mateix, tamb\u00e9 us podeu adre\u00e7ar a trav\u00e9s dels mitjans exposats per a exercir els drets d\u2019acc\u00e9s, rectificaci\u00f3, cancel\u2022laci\u00f3 i oposici\u00f3 sobre alguna de les vostres dades personals (incloses imatges o gravacions de veu), que poguessin apar\u00e8ixer en alguna p\u00e0gina informativa del Consorci Alt Urgell \u2013 Cerdanya.<\/p>","_et_gb_content_width":"","footnotes":""},"_links":{"self":[{"href":"https:\/\/mengemdaqui.com\/index.php\/wp-json\/wp\/v2\/pages\/281"}],"collection":[{"href":"https:\/\/mengemdaqui.com\/index.php\/wp-json\/wp\/v2\/pages"}],"about":[{"href":"https:\/\/mengemdaqui.com\/index.php\/wp-json\/wp\/v2\/types\/page"}],"author":[{"embeddable":true,"href":"https:\/\/mengemdaqui.com\/index.php\/wp-json\/wp\/v2\/users\/1"}],"replies":[{"embeddable":true,"href":"https:\/\/mengemdaqui.com\/index.php\/wp-json\/wp\/v2\/comments?post=281"}],"version-history":[{"count":10,"href":"https:\/\/mengemdaqui.com\/index.php\/wp-json\/wp\/v2\/pages\/281\/revisions"}],"predecessor-version":[{"id":3783,"href":"https:\/\/mengemdaqui.com\/index.php\/wp-json\/wp\/v2\/pages\/281\/revisions\/3783"}],"wp:attachment":[{"href":"https:\/\/mengemdaqui.com\/index.php\/wp-json\/wp\/v2\/media?parent=281"}],"curies":[{"name":"wp","href":"https:\/\/api.w.org\/{rel}","templated":true}]}}