{"id":374,"date":"2017-09-18T09:15:37","date_gmt":"2017-09-18T09:15:37","guid":{"rendered":"https:\/\/mengemdaqui.com\/index.php\/avis-legal-copy\/"},"modified":"2019-07-31T13:42:23","modified_gmt":"2019-07-31T11:42:23","slug":"politica-de-privacitat","status":"publish","type":"page","link":"https:\/\/mengemdaqui.com\/index.php\/politica-de-privacitat\/","title":{"rendered":"Pol\u00edtica de privacitat"},"content":{"rendered":"<p>[et_pb_section fb_built=\u00bb1&#8243; _builder_version=\u00bb3.0.74&#8243; background_color=\u00bbrgba(255,255,255,0)\u00bb][et_pb_row _builder_version=\u00bb3.0.48&#8243; background_size=\u00bbinitial\u00bb background_position=\u00bbtop_left\u00bb background_repeat=\u00bbrepeat\u00bb][et_pb_column type=\u00bb4_4&#8243; _builder_version=\u00bb3.0.47&#8243; parallax=\u00bboff\u00bb parallax_method=\u00bbon\u00bb][et_pb_text _builder_version=\u00bb3.18.4&#8243; header_text_color=\u00bb#9ec54c\u00bb border_style=\u00bbsolid\u00bb]<\/p>\n<h1><strong>Av\u00eds legal \/\u00a0<\/strong><strong>Pol\u00edtica de privacitat<\/strong><\/h1>\n<p><strong><\/strong><\/p>\n<p><strong><\/strong><\/p>\n<p><strong>RESPONSABLE DEL TRACTAMENT DE LES DADES<\/strong><\/p>\n<p>El present av\u00eds i informaci\u00f3 legal regula l&#8217;\u00fas del servei del portal d&#8217;Internet sota el domini: https:\/\/mengemdaqui.com<\/p>\n<p>En compliment del deure d&#8217;informaci\u00f3 que estableix la Llei 34\/2002, 11 de juliol, de Serveis de la Societat de la Informaci\u00f3 i del Comer\u00e7 Electr\u00f2nic, li comuniquem que la present web \u00e9s titularitat de:<\/p>\n<p>CONSORCI GAL ALT URGELL-CERDANYA (Responsable del Tractament, amb CIF P2500092H, i domicili social a PLA\u00c7A DE LES MONGES, EDIFICI DE LES MONGES, 3A PLANTA &#8211; 25700 &#8211; LA SEU D\u2019URGELL (LLEIDA). Dades registrals: Registre d\u2019ens locals de la Generalitat de Catalunya.<\/p>\n<p><u>Dades de Contacte<\/u>:<\/p>\n<p>Tel\u00e8fon: 973353112<\/p>\n<p>E-mail: cauc@cauc.cat<\/p>\n<p>&nbsp;<\/p>\n<p><strong>OBJECTE<\/strong><\/p>\n<p>El responsable posa a disposici\u00f3 dels usuaris el present document amb el qual pret\u00e9n\u00a0donar compliment\u00a0del que disposa la normativa vigent en mat\u00e8ria de protecci\u00f3 de dades, i en el context del nou marc normatiu establert en virtut del qual disposa el Reglament (UE) 2016\/679 del Parlament Europeu i del Consell, de 27 d&#8217;abril de 2016, relatiu a la protecci\u00f3 de les persones f\u00edsiques pel que fa al tractament de dades personals i a la lliure circulaci\u00f3 d&#8217;aquestes dades (en endavant, el \u00abRGPD\u00bb), i la normativa nacional Llei Org\u00e0nica de Protecci\u00f3 de Dades i Garantia dels Drets Digitals (en endavant, el \u00abLOPDGDD\u201d), aix\u00ed com informar a tots els usuaris del lloc web respecte a quines s\u00f3n les condicions d&#8217;\u00fas d&#8217;aquest.<\/p>\n<p> Tota persona que accedeixi a aquest lloc web assumeix el paper d&#8217;usuari, comprometent-se a l&#8217;observan\u00e7a i compliment rigor\u00f3s de les disposicions aqu\u00ed disposades, aix\u00ed com a qualsevol altra disposici\u00f3 legal que fora d&#8217;aplicaci\u00f3. <\/p>\n<p>El Responsable es reserva el dret a modificar qualsevol tipus d&#8217;informaci\u00f3 que pogu\u00e9s apar\u00e8ixer al lloc web, sense que hi hagi obligaci\u00f3 de preavisar o posar en coneixement dels usuaris aquestes obligacions, entenent-se com suficient amb la publicaci\u00f3 al lloc web del Responsable.<\/p>\n<p><strong>\u00a0<\/strong><\/p>\n<p><strong>RESPONSABILITAT<\/strong><\/p>\n<p>El Responsable s&#8217;eximeix de qualsevol tipus de responsabilitat derivada de la informaci\u00f3 publicada al seu lloc web, sempre que aquesta informaci\u00f3 hagi estat manipulada o introdu\u00efda per un tercer ali\u00e8 a aquest.<\/p>\n<p><strong>\u00a0<\/strong><\/p>\n<p><strong>ADRECES IP<\/strong><\/p>\n<p>Els servidors del lloc web podran detectar de manera autom\u00e0tica l&#8217;adre\u00e7a IP i el nom de domini utilitzats per l&#8217;usuari.<\/p>\n<p>&nbsp;<\/p>\n<p>Una adre\u00e7a IP \u00e9s un nombre assignat autom\u00e0ticament a un ordinador quan aquest es connecta a Internet. Tota aquesta informaci\u00f3 \u00e9s registrada en un fitxer d&#8217;activitat del servidor, degudament inscrit, que permet el posterior processament de les dades amb la finalitat d&#8217;obtenir mesures \u00fanicament estad\u00edstiques que permetin con\u00e8ixer el nombre d&#8217;impressions de p\u00e0gines, el nombre de visites realitzades als servidors web, l&#8217;ordre de visites, el punt d&#8217;acc\u00e9s, etc.<\/p>\n<p><strong>\u00a0<\/strong><\/p>\n<p><strong>POL\u00cdTICA DE ENLLA\u00c7OS<\/strong><\/p>\n<p>Des del present lloc web \u00e9s possible que es redirigeixi a continguts de tercers llocs web. At\u00e8s que El Responsable no pot controlar sempre els continguts introdu\u00efts pels tercers en els seus llocs web, aquest no assumeix cap tipus de responsabilitat respecte a aquests continguts. En tot cas, El Responsable manifesta que procedir\u00e0 a la retirada immediata de qualsevol contingut que pogu\u00e9s contravenir la legislaci\u00f3 nacional o internacional, la moral o l&#8217;ordre p\u00fablic, procedint a la retirada immediata de la redirecci\u00f3 a dit lloc web, posant en coneixement de les autoritats competents el contingut en q\u00fcesti\u00f3.<\/p>\n<p>El Responsable no es fa responsable de la informaci\u00f3 i continguts emmagatzemats, a t\u00edtol enunciatiu per\u00f2 no limitatiu, en f\u00f2rums, xat, generadors de blocs, comentaris, xarxes socials o qualsevol altre mitj\u00e0 que permeti a tercers publicar continguts de forma independent en la p\u00e0gina web del Responsable. No obstant aix\u00f2 i en compliment del que disposa l&#8217;art. 11 i 16 de la LSSICE, El Responsable es posa a disposici\u00f3 de tots els usuaris, autoritats i forces de seguretat, col\u00b7laborant de forma activa en la retirada o si escau bloqueig de tots aquells continguts que puguin afectar o contravenir la legislaci\u00f3 nacional, o internacional, drets de tercers o la moral i l&#8217;ordre p\u00fablic. En cas que l&#8217;usuari consideri que existeix en el lloc web algun contingut que pogu\u00e9s ser susceptible d&#8217;aquesta classificaci\u00f3, es prega que ho faci saber de forma immediata a l&#8217;administrador del lloc web.<\/p>\n<p> Aquest lloc web ha estat revisat i provat perqu\u00e8 funcioni correctament. En principi, pot garantir-se el correcte funcionament els 365 dies de l&#8217;any, 24 hores al dia. No obstant aix\u00f2, El Responsable no descarta la possibilitat que existeixin certs errors de programaci\u00f3, o que esdevinguin causes de for\u00e7a major, cat\u00e0strofes naturals, vagues, o circumst\u00e0ncies semblants que facin impossible l&#8217;acc\u00e9s a la p\u00e0gina web.<\/p>\n<p><strong>\u00a0<\/strong><\/p>\n<p><strong>PROTECCI\u00d3 DE DADES<\/strong><\/p>\n<p>El Responsable es troba profundament comprom\u00e8s en el compliment del que disposa la normativa vigent en mat\u00e8ria de protecci\u00f3 de dades, i en el context del nou marc normatiu establert en virtut del qual disposa el Reglament (UE) 2016\/679 del Parlament Europeu i del Consell, de 27 d&#8217;abril de 2016, relatiu a la protecci\u00f3 de les persones f\u00edsiques pel que fa al tractament de dades personals i a la lliure circulaci\u00f3<\/p>\n<p>&nbsp;<\/p>\n<p>&nbsp;<\/p>\n<p>d&#8217;aquestes dades (en endavant, el \u00abRGPD\u00bb), i la normativa nacional Llei Org\u00e0nica de Protecci\u00f3 de Dades y Garantia dels Drets Digitals (en endavant, el \u00abLOPDGDD\u201d).<\/p>\n<p> Aix\u00ed mateix, El Responsable informa que\u00a0donar compliment\u00a0a la Llei 34\/2002 d&#8217;11 de juliol, de Serveis de la Societat de la Informaci\u00f3 i el Comer\u00e7 Electr\u00f2nic i li sol\u00b7licitar\u00e0 el seu consentiment al tractament de les seves dades en cada moment.<\/p>\n<p><strong>\u00a0<\/strong><\/p>\n<p><strong>PROPIETAT INTEL\u00b7LECTUAL I INDUSTRIAL<\/strong><\/p>\n<p>El lloc web,\u00a0incl\u00f2s\u00a0el t\u00edtol enunciatiu per\u00f2 no\u00a0<span>limitatiu<\/span>\u00a0la seva programaci\u00f3, edici\u00f3, compilaci\u00f3 i altres elements necessaris per al seu funcionament, els dissenys, logotips, text i\/o gr\u00e0fics s\u00f3n propietat del responsable o, si\u00a0escau disposa\u00a0de llic\u00e8ncia o autoritzaci\u00f3 expressa per part dels autors.<\/p>\n<p> Tots els continguts del lloc web es troben degudament protegits per la normativa de propietat intel\u00b7lectual i industrial.<\/p>\n<p> Independentment de la finalitat per a la qual fossin destinats, la reproducci\u00f3 total o parcial, \u00fas, explotaci\u00f3, distribuci\u00f3 i comercialitzaci\u00f3, requereix en tot cas de l&#8217;autoritzaci\u00f3 escrita pr\u00e8via per part del responsable. Qualsevol \u00fas no autoritzat pr\u00e8viament per part del responsable ser\u00e0 considerat un incompliment greu dels drets de propietat intel\u00b7lectual o industrial de l&#8217;autor.<\/p>\n<p>&nbsp;<\/p>\n<p>Els dissenys, logotips, text i \/ o gr\u00e0fics aliens al prestador i que poguessin apar\u00e8ixer en el lloc web, pertanyen als seus respectius propietaris, sent ells mateixos responsables de qualsevol possible controv\u00e8rsia que pogu\u00e9s suscitar respecte a aquests. En tot cas, El Responsable compta amb l&#8217;autoritzaci\u00f3 expressa i pr\u00e8via per part\u00a0d&#8217;aquests.<\/p>\n<p>El responsable autoritza expressament\u00a0a qu\u00e8\u00a0tercers puguin redirigir directament als continguts concrets del lloc web, i en tot cas redirigir a la p\u00e0gina principal del lloc web del responsable.<\/p>\n<p> El Responsable reconeix a favor dels seus titulars els corresponents drets de propietat intel\u00b7lectual i industrial, no implicant el seu sol esment o aparici\u00f3 en el lloc web l&#8217;exist\u00e8ncia de drets o responsabilitat alguna del responsable\u00a0sobre aquests, com tampoc respatller, patrocini o recomanaci\u00f3 per la seva part.<\/p>\n<p> Per a totes aquelles imatges en qu\u00e8 el programari de disseny ho permet, s&#8217;han incl\u00f2s les refer\u00e8ncies corresponents a l&#8217;autoria i llic\u00e8ncia corresponent.<\/p>\n<p> Per realitzar qualsevol tipus d&#8217;observaci\u00f3 respecte a possibles incompliments dels drets de propietat intel\u00b7lectual o industrial, aix\u00ed com sobre qualsevol dels continguts del lloc web, pot fer-ho per escrit o correu electr\u00f2nic indicat a l\u2019encap\u00e7alament.<\/p>\n<p>&nbsp;<\/p>\n<p><strong>\u00a0<\/strong><\/p>\n<p><strong>\u00a0<\/strong><\/p>\n<p><strong>POL\u00cdTICA DE PRIVACITAT<\/strong><\/p>\n<p>CONSORCI GAL ALT URGELL-CERDANYA informa els usuaris del lloc web sobre la seva pol\u00edtica respecte del tractament i protecci\u00f3 de les dades de car\u00e0cter personal dels usuaris i clients que puguin ser recaptats per la navegaci\u00f3 a trav\u00e9s del seu lloc web.<\/p>\n<p><strong>\u00a0<\/strong><\/p>\n<p><strong>1.- Informaci\u00f3 al Usuari<\/strong><\/p>\n<p><strong>Responsable del Tractament: <\/strong>\u00a0<\/p>\n<p>CONSORCI GAL ALT URGELL-CERDANYA<\/p>\n<p>CIF: P2500092H<\/p>\n<p>Domicili Social: PLA\u00c7A DE LES MONGES, EDIFICI DE LES MONGES, 3A PLANTA &#8211; 25700 &#8211; LA SEU D\u2019URGELL (LLEIDA)<\/p>\n<blockquote class=\"wp-embedded-content\" data-secret=\"02jhpNc2Bo\"><p><a href=\"https:\/\/mengemdaqui.com\/\">Mengem d\u2019aqui<\/a><\/p><\/blockquote>\n<p><iframe class=\"wp-embedded-content\" sandbox=\"allow-scripts\" security=\"restricted\" style=\"position: absolute; clip: rect(1px, 1px, 1px, 1px);\" title=\"\u00abMengem d\u2019aqui\u00bb \u2014 MENGEM D\u2019AQU\u00cd\" src=\"https:\/\/mengemdaqui.com\/embed\/#?secret=0FJ2zyNPBg#?secret=02jhpNc2Bo\" data-secret=\"02jhpNc2Bo\" width=\"600\" height=\"338\" frameborder=\"0\" marginwidth=\"0\" marginheight=\"0\" scrolling=\"no\"><\/iframe> <\/p>\n<p>cauc@cauc.cat<\/p>\n<p><strong>\u00a0<\/strong><\/p>\n<p><strong>Finalitat del tractament de les seves dades:<\/strong><\/p>\n<ul>\n<li>Gestionar les dades a les quals el CONSORCI GAL ALT URGELL-CERDANYA accedeix com a conseq\u00fc\u00e8ncia de la navegaci\u00f3, consulta i\/o sol\u00b7licitud i, si s&#8217;escau, enviar comunicacions.<\/li>\n<li>Gestionar les sol\u00b7licituds d&#8217;inscripci\u00f3 a formacions, jornades o a qualsevol esdeveniment que pugui organitzar aquesta administraci\u00f3 des de qualsevol dels seus serveis.<\/li>\n<\/ul>\n<p><strong>Criteris de conservaci\u00f3 de les dades:<\/strong> Les dades personals proporcionades es conservaran fins que no se sol\u00b7liciti la seva suspensi\u00f3 per part de l&#8217;interessat, exercint els seus drets sobre les dades, i en qualsevol cas en compliment de terminis legals de prescripci\u00f3 que li siguin aplicables.<\/p>\n<p><strong>Legitimaci\u00f3:<\/strong> La base legal per al tractament de les dades personals est\u00e0 basada en el consentiment expr\u00e9s del propi interessat o si escau en l&#8217;execuci\u00f3 d&#8217;un contracte i\/o servei. En qualsevol moment es podr\u00e0 exercir el dret a retirar el consentiment sense que aix\u00f2 afecti la licitud del tractament basat en el consentiment previ a la seva retirada.<\/p>\n<p><strong>Destinataris:<\/strong> Les dades de car\u00e0cter personal recollides, no seran facilitades a tercers, excepte quan siguin necess\u00e0ries per a la prestaci\u00f3 del servei sol\u00b7licitat, a altres administracions p\u00fabliques competents en la mat\u00e8ria, quan correspongui o quan siguin requerides per les autoritats p\u00fabliques competents, de conformitat amb les disposicions legals i reglament\u00e0ries aplicables.<\/p>\n<p><strong>Drets<\/strong>: L&#8217;usuari t\u00e9 dret a:<\/p>\n<ul>\n<li>Sol\u00b7licitar l&#8217;acc\u00e9s a les seves dades personals que s&#8217;estan tractant i rebre aquesta informaci\u00f3 per escrit pel mitj\u00e0 sol\u00b7licitat.<\/li>\n<li>Sol\u00b7licitar la rectificaci\u00f3 de les dades personals inexactes o, si escau, sol\u00b7licitar la seva supressi\u00f3 quan, entre altres motius, les dades ja no siguin necessaris per a la finalitat pels quals van ser recollits.<\/li>\n<li>Sol\u00b7licitar la limitaci\u00f3 del tractament de les seves dades.<\/li>\n<li>Oposar-se al tractament de les seves dades personals quan escaigui, en aquest cas es deixaran de tractar les seves dades excepte per motius leg\u00edtims.<\/li>\n<li>Dret a la portabilitat de les seves dades personals quan el tractament estigui basat en un consentiment i s&#8217;efectu\u00ef per mitjans automatitzats. les dades es lliuressin de forma estructurada, \u00fas com\u00fa i lectura mec\u00e0nica.<\/li>\n<li>Dret a retirar el consentiment prestat.<\/li>\n<li>Dret a reclamar davant l&#8217;Ag\u00e8ncia Espanyola de Protecci\u00f3 de Dades.<\/li>\n<\/ul>\n<p> L&#8217;usuari pot exercitar els drets anteriorment indicats a trav\u00e9s de la seg\u00fcent adre\u00e7a de correu electr\u00f2nic, havent d&#8217;identificar-se degudament i sol\u00b7licitant clarament el dret a exercir: cauc@cauc.cat<\/p>\n<p>&nbsp;<\/p>\n<p><strong>Proced\u00e8ncia de les dades:<\/strong> Les dades personals seran facilitats pel propi interessat de forma absolutament volunt\u00e0ria. La manca d\u2019algunes determinades dades o preguntes que poguessin formular-se en els processos de registre o en els diferents formularis electr\u00f2nics que se li presentin a l&#8217;Usuari, pot provocar la impossibilitat d&#8217;acc\u00e9s a determinats serveis per a la prestaci\u00f3 dels quals \u00e9s imprescindible disposar de les dades de car\u00e0cter personal, en aquest cas El Responsable informar\u00e0 del car\u00e0cter obligatori i\/o necessari de facilitar les dades personals per al funcionament del servei.<\/p>\n<p>&nbsp;<\/p>\n<p>El Responsable assegura la confidencialitat de les seves dades personals i garanteix la seguretat d&#8217;aquests, adoptant les mesures necess\u00e0ries per a evitar la seva alteraci\u00f3, p\u00e8rdua, tractament o acc\u00e9s no autoritzat.<\/p>\n<p>&nbsp;<\/p>\n<p><strong>2.- Informaci\u00f3 facilitada per l\u2019usuari<\/strong><\/p>\n<p>Els i les menors de 14 anys no poden cedir les seves dades personals sense el previ consentiment del seu pare\/mare \u00a0i\/o tutors legals.<\/p>\n<p>Els Usuaris, introduint les vostres dades en els formularis de contacte o presentats en formularis de desc\u00e0rrega, accepten expressament i de forma lliure i inequ\u00edvoca, que les seves dades s\u00f3n necess\u00e0ries per atendre la seva petici\u00f3, per part del responsable, sent volunt\u00e0ria la inclusi\u00f3 de dades en els camps restants.<\/p>\n<p>L&#8217;Usuari garanteix que les dades personals facilitades al prestador s\u00f3n veraces i es fa responsable de comunicar qualsevol modificaci\u00f3 d&#8217;aquestes.<\/p>\n<p>Totes les dades sol\u00b7licitades a trav\u00e9s del lloc web s\u00f3n necessaris per a la prestaci\u00f3 d&#8217;un servei \u00f2ptim a l&#8217;usuari. En cas que no siguin facilitades totes les dades, no es garanteix que la informaci\u00f3 i serveis que El responsable li faciliti, siguin completament ajustats a les seves necessitats.<\/p>\n<p><strong>\u00a0<\/strong><\/p>\n<ol start=\"3\">\n<li><strong> Mesures de seguretat<\/strong><\/li>\n<\/ol>\n<p>Que de conformitat amb el que disposen les normatives vigents en mat\u00e8ria de protecci\u00f3 de dades personals, El Responsable est\u00e0 complint amb totes les disposicions de les normatives RGPD i LOPDGDD per al tractament de les dades personals de la seva responsabilitat, i manifestament amb els principis descrits en l&#8217;article 5 del RGPD i en l&#8217;article 4 de la LOPDGDD, pels quals s\u00f3n tractats de manera l\u00edcita, lleial i transparent en relaci\u00f3 amb l&#8217;interessat i adequades, pertinents i limitats al que \u00e9s necessari en relaci\u00f3 amb els fins per als quals s\u00f3n tractats.<\/p>\n<p>El responsable garanteix que ha implementat pol\u00edtiques t\u00e8cniques i organitzatives apropiades per aplicar les mesures de seguretat que estableixen el RGPD i la LOPDGDD per tal de protegir els drets i llibertats dels Usuaris i els ha comunicat la informaci\u00f3 adequada perqu\u00e8 puguin exercir-los.\u00a0<\/p>\n<p><strong>\u00a0<\/strong><\/p>\n<ol start=\"4\">\n<li><strong><\/strong> <strong>Bretxes de Seguretat<\/strong><\/li>\n<\/ol>\n<p>El Responsable informar\u00e0 sobre qualsevol bretxa de seguretat que afecti la base de dades que utilitza aquest lloc web, o que afecti a qualsevol dels nostres serveis de tercers, a totes i cadascuna de les persones, dades dels quals puguin haver estat afectades, i autoritats, dins de les 72 hores seg\u00fcents a la detecci\u00f3 de la bretxa.<\/p>\n<p><strong>\u00a0<\/strong><\/p>\n<p><strong>LEGISLACI\u00d3 APLICABLE I JURISDICCI\u00d3<\/strong><\/p>\n<p>Per a la resoluci\u00f3 de totes les controv\u00e8rsies o q\u00fcestions relacionades amb el present lloc web o de les activitats en ell desenvolupades, ser\u00e0 d&#8217;aplicaci\u00f3 la legislaci\u00f3 espanyola, a la qual se sotmeten expressament les parts, sent competents per a la resoluci\u00f3 de tots els conflictes derivats o relacionats amb el seu \u00fas els Jutjats i Tribunals de Lleida.<\/p>\n<p>[\/et_pb_text][\/et_pb_column][\/et_pb_row][\/et_pb_section]<\/p>\n","protected":false},"excerpt":{"rendered":"<p>Av\u00eds legal \/\u00a0Pol\u00edtica de privacitat RESPONSABLE DEL TRACTAMENT DE LES DADES El present av\u00eds i informaci\u00f3 legal regula l&#8217;\u00fas del servei del portal d&#8217;Internet sota el domini: https:\/\/mengemdaqui.com En compliment del deure d&#8217;informaci\u00f3 que estableix la Llei 34\/2002, 11 de juliol, de Serveis de la Societat de la Informaci\u00f3 i del Comer\u00e7 Electr\u00f2nic, li comuniquem [&hellip;]<\/p>\n","protected":false},"author":1,"featured_media":0,"parent":0,"menu_order":0,"comment_status":"closed","ping_status":"closed","template":"","meta":{"_et_pb_use_builder":"on","_et_pb_old_content":"<p>https:\/\/mengemdaqui.com\/ i http:\/\/mengemdaqui.cat\/ \u00e9s un domini d\u2019Internet de titularitat del Consorci Alt Urgell \u2013 Cerdanya (NIF P2500092H), siti al Passeig Joan Brudieu n\u00famero 15 de la Seu d\u2019Urgell (25700); tel\u00e8fon: 973 353 112; fax: 973 352 788; c\/e: cauc@cauc.cat<\/p><p>L\u2019acc\u00e9s a la Web implica l\u2019acceptaci\u00f3 de l\u2019usuari de les normes d\u2019\u00fas que s\u2019estableixen per al mateix, aix\u00ed com, l\u2019acceptaci\u00f3 del contingut de la cl\u00e0usula d\u2019exempci\u00f3 de responsabilitat i dels Drets de Propietat Intel\u2022lectual i industrial aplicable.<br \/> I. Drets de Propietat Intel\u2022lectual i industrial<br \/> Es prohibeix la reproducci\u00f3 total o parcial dels continguts d\u2019aquesta Web sense citar el seu origen o sol\u2022licitar autoritzaci\u00f3 expressa al Consorci Alt Urgell \u2013 Cerdanya.<br \/> L\u2019usuari de la Web es compromet a no reproduir, copiar, distribuir, transformar o modificar els continguts del lloc web, incloses marques, noms comercials o signes distintius, ja siguin de titularitat del Consorci Alt Urgell \u2013 Cerdanya o de tercers (exceptuant els casos de tinen\u00e7a d\u2019autoritzaci\u00f3 per part del titular dels drets), ni a suprimir, manipular o de qualsevol forma alterar el \u201ccopyright\u201d.<br \/> II. Exempci\u00f3 de responsabilitat<br \/> La informaci\u00f3 continguda en aquesta Web procedeix de fonts p\u00fabliques amb un objectiu purament informatiu, quedant el Consorci Alt Urgell \u2013 Cerdanya exempt de qualsevol responsabilitat derivada de la inexactitud dels continguts. L\u2019acc\u00e9s a la Web \u00e9s gratu\u00eft i no genera relaci\u00f3 comercial, contractual o professional entre els seus usuaris i l\u2019ens.<br \/> El Consorci Alt Urgell \u2013 Cerdanya no es fa responsable dels danys i perjudicis que pugui ocasionar la utilitzaci\u00f3 de les eines i de les informacions contingudes en la web en relaci\u00f3 amb l\u2019adopci\u00f3 de decisions sobre l\u2019inici, el desenvolupament o el resultat de procediments administratius. Aquests aspectes o les decisions hauran de ser contrastades en els centres, organismes o depend\u00e8ncies competents.<br \/> En qualsevol cas, la informaci\u00f3 i continguts d\u2019aquesta Web no podran ser al\u2022legats en processos contradictoris amb l\u2019Administraci\u00f3 p\u00fablica, no assumint cap responsabilitat per les discrep\u00e0ncies que poguessin existir entre els documents impresos de l\u2019Administraci\u00f3 competent i la publicaci\u00f3 electr\u00f2nica en aquestes p\u00e0gines. Aix\u00ed mateix, el Consorci Alt Urgell \u2013 Cerdanya tampoc es responsabilitza de les contestacions que es realitzin a trav\u00e9s de les diferents direccions de correu electr\u00f2nic que apareixen en aquestes p\u00e0gines, llevat de les respostes oficials.<br \/> El Consorci Alt Urgell \u2013 Cerdanya no respondr\u00e0 en cap cas de l\u2019incompliment de qualsevol norma aplicable en que pugui inc\u00f3rrer l\u2019usuari, ja sigui en l\u2019acc\u00e9s a la Web o en l\u2019\u00fas de les informacions contingudes en aquesta, incl\u00f2s l\u2019acc\u00e9s a enlla\u00e7os i hipervincles continguts en la mateixa.<br \/> El portal cont\u00e9 enlla\u00e7os a p\u00e0gines externes amb funci\u00f3 informativa que possibiliten l\u2019acc\u00e9s de l\u2019usuari a prestacions, informaci\u00f3 i\/o serveis oferts per tercers que no es troben sota el control de l\u2019ens. El Consorci Alt Urgell \u2013 Cerdanya declina qualsevol responsabilitat envers a la informaci\u00f3 que es trobi fora d\u2019aquesta Web.<br \/> El Consorci Alt Urgell \u2013 Cerdanya es reserva el dret, sense preav\u00eds, a modificar, afegir o eliminar la informaci\u00f3 continguda en aquesta Web; aix\u00ed com, a modificar la seva configuraci\u00f3 o presentaci\u00f3.<br \/> III. Privacitat: pol\u00edtica de protecci\u00f3 de dades de car\u00e0cter personal del web cauc.cat<br \/> El Consorci Alt Urgell \u2013 Cerdanya garanteix la confidencialitat de les dades personals que es faciliten a trav\u00e9s de les p\u00e0gines d\u2019aquest web en el termes establerts per la Llei org\u00e0nica 15\/1999, de 13 de desembre, de protecci\u00f3 de dades de car\u00e0cter personal (LOPD), implementant les mesures de seguretat necess\u00e0ries i adequades al tipus de dades personals, d\u2019acord amb el Reial decret 1720\/2007, de 21 de desembre, pel qual s\u2019aprova el Reglament de desenvolupament de la LOPD. Les dades que es requereixin seran les estrictament necess\u00e0ries, adequades i pertinents per a la finalitat per a la qual es recullin i seran sotmeses a un tractament automatitzat.<br \/> A cada p\u00e0gina que contingui formularis que recullin dades de car\u00e0cter personal, s\u2019informar\u00e0, de manera expressa, de l\u2019exist\u00e8ncia d\u2019un fitxer o tractament de dades de car\u00e0cter personal, de la finalitat de la seva recollida i de les persones destinat\u00e0ries de la informaci\u00f3, de les possibles cessions de dades, de la identitat i adre\u00e7a del responsable del fitxer, aix\u00ed com, de la possibilitat d\u2019exercir els drets d\u2019acc\u00e9s, rectificaci\u00f3, cancel\u2022laci\u00f3 i oposici\u00f3 sobre aquestes dades i la manera d\u2019exercir-los. En cas que en algun formulari que reculli dades de car\u00e0cter personal no s\u2019explicitin aquests drets o la manera d\u2019exercir-los, podeu comunicar-ho a la secretaria del Consorci Alt Urgell \u2013 Cerdanya, situada al Passeig Joan Brudieu n\u00famero 15 de la Seu d\u2019Urgell (25700) o a l\u2019adre\u00e7a: cauc@cauc.cat<br \/> Aix\u00ed mateix, tamb\u00e9 us podeu adre\u00e7ar a trav\u00e9s dels mitjans exposats per a exercir els drets d\u2019acc\u00e9s, rectificaci\u00f3, cancel\u2022laci\u00f3 i oposici\u00f3 sobre alguna de les vostres dades personals (incloses imatges o gravacions de veu), que poguessin apar\u00e8ixer en alguna p\u00e0gina informativa del Consorci Alt Urgell \u2013 Cerdanya.<\/p>","_et_gb_content_width":"","footnotes":""},"_links":{"self":[{"href":"https:\/\/mengemdaqui.com\/index.php\/wp-json\/wp\/v2\/pages\/374"}],"collection":[{"href":"https:\/\/mengemdaqui.com\/index.php\/wp-json\/wp\/v2\/pages"}],"about":[{"href":"https:\/\/mengemdaqui.com\/index.php\/wp-json\/wp\/v2\/types\/page"}],"author":[{"embeddable":true,"href":"https:\/\/mengemdaqui.com\/index.php\/wp-json\/wp\/v2\/users\/1"}],"replies":[{"embeddable":true,"href":"https:\/\/mengemdaqui.com\/index.php\/wp-json\/wp\/v2\/comments?post=374"}],"version-history":[{"count":4,"href":"https:\/\/mengemdaqui.com\/index.php\/wp-json\/wp\/v2\/pages\/374\/revisions"}],"predecessor-version":[{"id":1760,"href":"https:\/\/mengemdaqui.com\/index.php\/wp-json\/wp\/v2\/pages\/374\/revisions\/1760"}],"wp:attachment":[{"href":"https:\/\/mengemdaqui.com\/index.php\/wp-json\/wp\/v2\/media?parent=374"}],"curies":[{"name":"wp","href":"https:\/\/api.w.org\/{rel}","templated":true}]}}